{"id":25441,"date":"2025-05-23T11:19:24","date_gmt":"2025-05-23T11:19:24","guid":{"rendered":"https:\/\/www.earthvit.pt\/?page_id=25441"},"modified":"2026-02-07T21:50:10","modified_gmt":"2026-02-07T20:50:10","slug":"contactos","status":"publish","type":"page","link":"https:\/\/loja.earthvit.es\/en\/contactos\/","title":{"rendered":"Contactos"},"content":{"rendered":"\t\t<div data-elementor-type=\"wp-page\" data-elementor-id=\"25441\" class=\"elementor elementor-25441\" data-elementor-post-type=\"page\">\n\t\t\t\t<div class=\"elementor-element elementor-element-b0558fa e-flex e-con-boxed e-con e-parent\" data-id=\"b0558fa\" data-element_type=\"container\" data-e-type=\"container\">\n\t\t\t\t\t<div class=\"e-con-inner\">\n\t\t<div class=\"elementor-element elementor-element-b06c06f e-con-full e-flex e-con e-child\" data-id=\"b06c06f\" data-element_type=\"container\" data-e-type=\"container\">\n\t\t\t\t<div class=\"elementor-element elementor-element-4abe189 elementor-widget elementor-widget-image\" data-id=\"4abe189\" data-element_type=\"widget\" data-e-type=\"widget\" data-widget_type=\"image.default\">\n\t\t\t\t\t\t\t\t\t\t\t\t\t\t\t\t<a href=\"https:\/\/loja.earthvit.es\/en\">\n\t\t\t\t\t\t\t<img fetchpriority=\"high\" decoding=\"async\" width=\"2560\" height=\"525\" src=\"https:\/\/loja.earthvit.es\/wp-content\/uploads\/2025\/07\/Sem-nome-156-x-32-cm5-scaled.webp\" class=\"attachment-full size-full wp-image-27380\" alt=\"\" srcset=\"https:\/\/loja.earthvit.es\/wp-content\/uploads\/2025\/07\/Sem-nome-156-x-32-cm5-scaled.webp 2560w, https:\/\/loja.earthvit.es\/wp-content\/uploads\/2025\/07\/Sem-nome-156-x-32-cm5-scaled-600x123.webp 600w, https:\/\/loja.earthvit.es\/wp-content\/uploads\/2025\/07\/Sem-nome-156-x-32-cm5-300x62.webp 300w, https:\/\/loja.earthvit.es\/wp-content\/uploads\/2025\/07\/Sem-nome-156-x-32-cm5-1024x210.webp 1024w, https:\/\/loja.earthvit.es\/wp-content\/uploads\/2025\/07\/Sem-nome-156-x-32-cm5-768x157.webp 768w, https:\/\/loja.earthvit.es\/wp-content\/uploads\/2025\/07\/Sem-nome-156-x-32-cm5-1536x315.webp 1536w, https:\/\/loja.earthvit.es\/wp-content\/uploads\/2025\/07\/Sem-nome-156-x-32-cm5-2048x420.webp 2048w, https:\/\/loja.earthvit.es\/wp-content\/uploads\/2025\/07\/Sem-nome-156-x-32-cm5-370x76.webp 370w\" sizes=\"(max-width: 2560px) 100vw, 2560px\" \/>\t\t\t\t\t\t\t\t<\/a>\n\t\t\t\t\t\t\t\t\t\t\t\t\t\t\t<\/div>\n\t\t\t\t<div class=\"elementor-element elementor-element-8b2aa4e elementor-widget__width-auto elementor-widget elementor-widget-heading\" data-id=\"8b2aa4e\" data-element_type=\"widget\" data-e-type=\"widget\" data-widget_type=\"heading.default\">\n\t\t\t\t\t<h2 class=\"elementor-heading-title elementor-size-default\">Cont\u00e1ctanos<\/h2>\t\t\t\t<\/div>\n\t\t\t\t<div class=\"elementor-element elementor-element-80bb1a0 elementor-widget elementor-widget-text-editor\" data-id=\"80bb1a0\" data-element_type=\"widget\" data-e-type=\"widget\" data-widget_type=\"text-editor.default\">\n\t\t\t\t\t\t\t\t\t<div><p><strong>Utilice el formulario de abajo para ponerse en contacto con nosotros<\/strong><\/p><\/div>\t\t\t\t\t\t\t\t<\/div>\n\t\t\t\t<div class=\"elementor-element elementor-element-7819c7e elementor-button-align-stretch elementor-widget elementor-widget-form\" data-id=\"7819c7e\" data-element_type=\"widget\" data-e-type=\"widget\" data-settings=\"{&quot;step_next_label&quot;:&quot;Siguiente&quot;,&quot;step_previous_label&quot;:&quot;Anterior&quot;,&quot;button_width&quot;:&quot;100&quot;,&quot;step_type&quot;:&quot;number_text&quot;,&quot;step_icon_shape&quot;:&quot;circle&quot;}\" data-widget_type=\"form.default\">\n\t\t\t\t\t\t\t<form class=\"elementor-form\" method=\"post\" name=\"New Form\" aria-label=\"New Form\">\n\t\t\t<input type=\"hidden\" name=\"post_id\" value=\"25441\"\/>\n\t\t\t<input type=\"hidden\" name=\"form_id\" value=\"7819c7e\"\/>\n\t\t\t<input type=\"hidden\" name=\"referer_title\" value=\"\" \/>\n\n\t\t\t\n\t\t\t<div class=\"elementor-form-fields-wrapper elementor-labels-above\">\n\t\t\t\t\t\t\t\t<div class=\"elementor-field-type-text elementor-field-group elementor-column elementor-field-group-name elementor-col-100 elementor-field-required\">\n\t\t\t\t\t\t\t\t\t\t\t\t\t<input size=\"1\" type=\"text\" name=\"form_fields[name]\" id=\"form-field-name\" class=\"elementor-field elementor-size-sm  elementor-field-textual\" placeholder=\"Nombre\" required=\"required\">\n\t\t\t\t\t\t\t\t\t\t\t<\/div>\n\t\t\t\t\t\t\t\t<div class=\"elementor-field-type-email elementor-field-group elementor-column elementor-field-group-email elementor-col-100 elementor-field-required\">\n\t\t\t\t\t\t\t\t\t\t\t\t\t<input size=\"1\" type=\"email\" name=\"form_fields[email]\" id=\"form-field-email\" class=\"elementor-field elementor-size-sm  elementor-field-textual\" placeholder=\"Correo electr\u00f3nico\" required=\"required\">\n\t\t\t\t\t\t\t\t\t\t\t<\/div>\n\t\t\t\t\t\t\t\t<div class=\"elementor-field-type-textarea elementor-field-group elementor-column elementor-field-group-message elementor-col-100\">\n\t\t\t\t\t<textarea class=\"elementor-field-textual elementor-field  elementor-size-sm\" name=\"form_fields[message]\" id=\"form-field-message\" rows=\"4\" placeholder=\"Su mensaje\"><\/textarea>\t\t\t\t<\/div>\n\t\t\t\t\t\t\t\t<div class=\"elementor-field-group elementor-column elementor-field-type-submit elementor-col-100 e-form__buttons\">\n\t\t\t\t\t<button class=\"elementor-button elementor-size-sm\" type=\"submit\">\n\t\t\t\t\t\t<span class=\"elementor-button-content-wrapper\">\n\t\t\t\t\t\t\t\t\t\t\t\t\t\t\t\t\t\t\t\t\t\t<span class=\"elementor-button-text\">Enviar<\/span>\n\t\t\t\t\t\t\t\t\t\t\t\t\t<\/span>\n\t\t\t\t\t<\/button>\n\t\t\t\t<\/div>\n\t\t\t<\/div>\n\t\t<\/form>\n\t\t\t\t\t\t<\/div>\n\t\t\t\t<\/div>\n\t\t<div class=\"elementor-element elementor-element-00d615f e-con-full e-flex e-con e-child\" data-id=\"00d615f\" data-element_type=\"container\" data-e-type=\"container\" data-settings=\"{&quot;background_background&quot;:&quot;classic&quot;}\">\n\t\t\t\t<div class=\"elementor-element elementor-element-f9a1650 elementor-widget__width-inherit elementor-widget elementor-widget-heading\" data-id=\"f9a1650\" data-element_type=\"widget\" data-e-type=\"widget\" data-widget_type=\"heading.default\">\n\t\t\t\t\t<h2 class=\"elementor-heading-title elementor-size-default\">Contacto<\/h2>\t\t\t\t<\/div>\n\t\t\t\t<div class=\"elementor-element elementor-element-ff97020 elementor-widget-mobile__width-initial elementor-view-default elementor-mobile-position-block-start elementor-widget elementor-widget-icon-box\" data-id=\"ff97020\" data-element_type=\"widget\" data-e-type=\"widget\" data-widget_type=\"icon-box.default\">\n\t\t\t\t\t\t\t<div class=\"elementor-icon-box-wrapper\">\n\n\t\t\t\t\t\t<div class=\"elementor-icon-box-icon\">\n\t\t\t\t<a href=\"https:\/\/maps.app.goo.gl\/BkU1RS3P1zFPT5wF8\" target=\"_blank\" class=\"elementor-icon\" tabindex=\"-1\" aria-label=\"Direcci\u00f3n\" rel=\"noopener\">\n\t\t\t\t<i aria-hidden=\"true\" class=\"nutritix-icon- nutritix-icon-home-1\"><\/i>\t\t\t\t<\/a>\n\t\t\t<\/div>\n\t\t\t\n\t\t\t\t\t\t<div class=\"elementor-icon-box-content\">\n\n\t\t\t\t\t\t\t\t\t<h3 class=\"elementor-icon-box-title\">\n\t\t\t\t\t\t<a href=\"https:\/\/maps.app.goo.gl\/BkU1RS3P1zFPT5wF8\" target=\"_blank\" rel=\"noopener\">\n\t\t\t\t\t\t\tDirecci\u00f3n\t\t\t\t\t\t<\/a>\n\t\t\t\t\t<\/h3>\n\t\t\t\t\n\t\t\t\t\t\t\t\t\t<p class=\"elementor-icon-box-description\">\n\t\t\t\t\t\tPrevpharma - Unipessoal, LDA | NIF: PT515978221 | Urb. Quinta da V\u00e1rzea, Lt 23, 2\u00ba B, 3040-380 Coimbra. \t\t\t\t\t<\/p>\n\t\t\t\t\n\t\t\t<\/div>\n\t\t\t\n\t\t<\/div>\n\t\t\t\t\t\t<\/div>\n\t\t\t\t<div class=\"elementor-element elementor-element-cdd60b9 elementor-widget-mobile__width-initial elementor-view-default elementor-mobile-position-block-start elementor-widget elementor-widget-icon-box\" data-id=\"cdd60b9\" data-element_type=\"widget\" data-e-type=\"widget\" data-widget_type=\"icon-box.default\">\n\t\t\t\t\t\t\t<div class=\"elementor-icon-box-wrapper\">\n\n\t\t\t\t\t\t<div class=\"elementor-icon-box-icon\">\n\t\t\t\t<a href=\"tel:+351239084320\" target=\"_blank\" class=\"elementor-icon\" tabindex=\"-1\" aria-label=\"N\u00famero de Tel\u00e9fono\">\n\t\t\t\t<i aria-hidden=\"true\" class=\"nutritix-icon- nutritix-icon-phone\"><\/i>\t\t\t\t<\/a>\n\t\t\t<\/div>\n\t\t\t\n\t\t\t\t\t\t<div class=\"elementor-icon-box-content\">\n\n\t\t\t\t\t\t\t\t\t<h3 class=\"elementor-icon-box-title\">\n\t\t\t\t\t\t<a href=\"tel:+351239084320\" target=\"_blank\" >\n\t\t\t\t\t\t\tN\u00famero de Tel\u00e9fono\t\t\t\t\t\t<\/a>\n\t\t\t\t\t<\/h3>\n\t\t\t\t\n\t\t\t\t\t\t\t\t\t<p class=\"elementor-icon-box-description\">\n\t\t\t\t\t\t+351 239 084 320 (Atenci\u00f3n en espa\u00f1ol y portugu\u00e9s)\t\t\t\t\t<\/p>\n\t\t\t\t\n\t\t\t<\/div>\n\t\t\t\n\t\t<\/div>\n\t\t\t\t\t\t<\/div>\n\t\t\t\t<div class=\"elementor-element elementor-element-136b124 elementor-widget-mobile__width-initial elementor-view-default elementor-mobile-position-block-start elementor-widget elementor-widget-icon-box\" data-id=\"136b124\" data-element_type=\"widget\" data-e-type=\"widget\" data-widget_type=\"icon-box.default\">\n\t\t\t\t\t\t\t<div class=\"elementor-icon-box-wrapper\">\n\n\t\t\t\t\t\t<div class=\"elementor-icon-box-icon\">\n\t\t\t\t<a href=\"mailto:info@prevpharma.com\" target=\"_blank\" class=\"elementor-icon\" tabindex=\"-1\" aria-label=\"Cont\u00e1ctanos\">\n\t\t\t\t<i aria-hidden=\"true\" class=\"nutritix-icon- nutritix-icon-mail\"><\/i>\t\t\t\t<\/a>\n\t\t\t<\/div>\n\t\t\t\n\t\t\t\t\t\t<div class=\"elementor-icon-box-content\">\n\n\t\t\t\t\t\t\t\t\t<h3 class=\"elementor-icon-box-title\">\n\t\t\t\t\t\t<a href=\"mailto:info@prevpharma.com\" target=\"_blank\" >\n\t\t\t\t\t\t\tCont\u00e1ctanos\t\t\t\t\t\t<\/a>\n\t\t\t\t\t<\/h3>\n\t\t\t\t\n\t\t\t\t\t\t\t\t\t<p class=\"elementor-icon-box-description\">\n\t\t\t\t\t\tinfo@earthvit.es\t\t\t\t\t<\/p>\n\t\t\t\t\n\t\t\t<\/div>\n\t\t\t\n\t\t<\/div>\n\t\t\t\t\t\t<\/div>\n\t\t\t\t<div class=\"elementor-element elementor-element-f8181a4 elementor-widget-mobile__width-initial elementor-view-default elementor-mobile-position-block-start elementor-widget elementor-widget-icon-box\" data-id=\"f8181a4\" data-element_type=\"widget\" data-e-type=\"widget\" data-widget_type=\"icon-box.default\">\n\t\t\t\t\t\t\t<div class=\"elementor-icon-box-wrapper\">\n\n\t\t\t\t\t\t<div class=\"elementor-icon-box-icon\">\n\t\t\t\t<span  class=\"elementor-icon\">\n\t\t\t\t<i aria-hidden=\"true\" class=\"nutritix-icon- nutritix-icon-clock\"><\/i>\t\t\t\t<\/span>\n\t\t\t<\/div>\n\t\t\t\n\t\t\t\t\t\t<div class=\"elementor-icon-box-content\">\n\n\t\t\t\t\n\t\t\t\t\t\t\t\t\t<p class=\"elementor-icon-box-description\">\n\t\t\t\t\t\t<span style=\"color: #000\">Mon - Fri :<\/span> 9.00 - 17.00 <br>\n\t\t\t\t\t<\/p>\n\t\t\t\t\n\t\t\t<\/div>\n\t\t\t\n\t\t<\/div>\n\t\t\t\t\t\t<\/div>\n\t\t\t\t<\/div>\n\t\t\t\t\t<\/div>\n\t\t\t\t<\/div>\n\t\t\t\t<\/div>\n\t\t","protected":false},"excerpt":{"rendered":"<p>Cont\u00e1ctanos Utilice el formulario de abajo para ponerse en contacto con nosotros Contacto Direcci\u00f3n Prevpharma &#8211; Unipessoal, LDA | NIF: PT515978221 | Urb. Quinta da V\u00e1rzea, Lt 23, 2\u00ba B, 3040-380 Coimbra. N\u00famero de Tel\u00e9fono +351 239 084 320 (Atenci\u00f3n en espa\u00f1ol y portugu\u00e9s) Cont\u00e1ctanos info@earthvit.es Mon &#8211; Fri : 9.00 &#8211; 17.00<\/p>","protected":false},"author":1,"featured_media":0,"parent":0,"menu_order":0,"comment_status":"closed","ping_status":"closed","template":"elementor_header_footer","meta":{"_acf_changed":false,"footnotes":""},"class_list":["post-25441","page","type-page","status-publish","hentry"],"acf":[],"_links":{"self":[{"href":"https:\/\/loja.earthvit.es\/en\/wp-json\/wp\/v2\/pages\/25441","targetHints":{"allow":["GET"]}}],"collection":[{"href":"https:\/\/loja.earthvit.es\/en\/wp-json\/wp\/v2\/pages"}],"about":[{"href":"https:\/\/loja.earthvit.es\/en\/wp-json\/wp\/v2\/types\/page"}],"author":[{"embeddable":true,"href":"https:\/\/loja.earthvit.es\/en\/wp-json\/wp\/v2\/users\/1"}],"replies":[{"embeddable":true,"href":"https:\/\/loja.earthvit.es\/en\/wp-json\/wp\/v2\/comments?post=25441"}],"version-history":[{"count":0,"href":"https:\/\/loja.earthvit.es\/en\/wp-json\/wp\/v2\/pages\/25441\/revisions"}],"wp:attachment":[{"href":"https:\/\/loja.earthvit.es\/en\/wp-json\/wp\/v2\/media?parent=25441"}],"curies":[{"name":"wp","href":"https:\/\/api.w.org\/{rel}","templated":true}]}}