{"id":446,"date":"2023-10-23T10:43:48","date_gmt":"2023-10-23T10:43:48","guid":{"rendered":"https:\/\/vitearth.pt\/wordpress\/index.php\/como-encomendar\/"},"modified":"2026-02-07T13:55:59","modified_gmt":"2026-02-07T12:55:59","slug":"como-encomendar","status":"publish","type":"page","link":"https:\/\/loja.earthvit.es\/en\/como-encomendar\/","title":{"rendered":"Como Encomendar"},"content":{"rendered":"<div data-elementor-type=\"wp-page\" data-elementor-id=\"446\" class=\"elementor elementor-446\" data-elementor-post-type=\"page\">\n\t\t\t\t<div class=\"elementor-element elementor-element-1879794c e-con-full e-flex e-con e-parent\" data-id=\"1879794c\" data-element_type=\"container\" data-e-type=\"container\">\n\t\t\t\t<div class=\"elementor-element elementor-element-51d8a00 elementor-widget elementor-widget-heading\" data-id=\"51d8a00\" data-element_type=\"widget\" data-e-type=\"widget\" data-widget_type=\"heading.default\">\n\t\t\t\t\t<h2 class=\"elementor-heading-title elementor-size-default\">C\u00f3mo realizar su pedido en Earthvit<\/h2>\t\t\t\t<\/div>\n\t\t\t\t<div class=\"elementor-element elementor-element-1d420d4 elementor-widget elementor-widget-heading\" data-id=\"1d420d4\" data-element_type=\"widget\" data-e-type=\"widget\" data-widget_type=\"heading.default\">\n\t\t\t\t\t<h2 class=\"elementor-heading-title elementor-size-default\">Comprar en nuestra tienda online es un proceso r\u00e1pido, intuitivo y seguro. Siga estos pasos para completar su pedido:<\/h2>\t\t\t\t<\/div>\n\t\t\t\t<div class=\"elementor-element elementor-element-5b92258d elementor-widget elementor-widget-text-editor\" data-id=\"5b92258d\" data-element_type=\"widget\" data-e-type=\"widget\" data-widget_type=\"text-editor.default\">\n\t\t\t\t\t\t\t\t\t<h2 data-path-to-node=\"5\"><b data-path-to-node=\"5\" data-index-in-node=\"0\">1. Elija sus productos<\/b><\/h2><p data-path-to-node=\"6\">Explore nuestras categor\u00edas y a\u00f1ada al carrito los productos que desee adquirir. Puede revisar el contenido de su carrito y las cantidades en cualquier momento antes de finalizar.<\/p><h2 data-path-to-node=\"7\"><b data-path-to-node=\"7\" data-index-in-node=\"0\">2. Inicie el proceso de pago<\/b><\/h2><p data-path-to-node=\"8\">Haga clic en el bot\u00f3n <b data-path-to-node=\"8\" data-index-in-node=\"22\">\u00abRealizar Checkout\u00bb<\/b> situado en la esquina superior derecha. En este paso podr\u00e1 ver un resumen de su selecci\u00f3n.<\/p><h2 data-path-to-node=\"9\"><b data-path-to-node=\"9\" data-index-in-node=\"0\">3. Identificaci\u00f3n y Datos de Env\u00edo<\/b><\/h2><ul data-path-to-node=\"10\"><li><p data-path-to-node=\"10,0,0\"><b data-path-to-node=\"10,0,0\" data-index-in-node=\"0\">Nuevos clientes:<\/b> Deber\u00e1 rellenar un breve formulario con sus datos personales y la direcci\u00f3n de entrega en <b data-path-to-node=\"10,0,0\" data-index-in-node=\"107\">Espa\u00f1a Peninsular<\/b>.<\/p><\/li><li><p data-path-to-node=\"10,1,0\"><b data-path-to-node=\"10,1,0\" data-index-in-node=\"0\">Clientes registrados:<\/b> Simplemente inicie sesi\u00f3n para recuperar sus datos guardados.<\/p><\/li><\/ul><h2 data-path-to-node=\"11\"><b data-path-to-node=\"11\" data-index-in-node=\"0\">4. Env\u00edo y M\u00e9todos de Pago Seguros<\/b><\/h2><p data-path-to-node=\"12\">Seleccione la opci\u00f3n de env\u00edo disponible (Nacex). A continuaci\u00f3n, elija uno de nuestros m\u00e9todos de pago 100% seguros:<\/p><ul data-path-to-node=\"13\"><li><p data-path-to-node=\"13,0,0\"><b data-path-to-node=\"13,0,0\" data-index-in-node=\"0\">Tarjetas de cr\u00e9dito\/d\u00e9bito<\/b> (Visa, Mastercard).<\/p><\/li><li><p data-path-to-node=\"13,1,0\"><b data-path-to-node=\"13,1,0\" data-index-in-node=\"0\">Plataformas digitales:<\/b> PayPal, Google Pay, Amazon Pay, Revolut, Klarna y Link.<\/p><\/li><li><p data-path-to-node=\"13,2,0\"><i data-path-to-node=\"13,2,0\" data-index-in-node=\"0\">Nota: No realizamos env\u00edos contra reembolso.<\/i><\/p><\/li><\/ul><h2 data-path-to-node=\"14\"><b data-path-to-node=\"14\" data-index-in-node=\"0\">5. Revisi\u00f3n y Confirmaci\u00f3n Final<\/b><\/h2><p data-path-to-node=\"15\">Antes de confirmar, podr\u00e1 revisar el importe total, que incluye el precio de los productos y los <b data-path-to-node=\"15\" data-index-in-node=\"97\">gastos de env\u00edo<\/b> (3,50\u20ac o gratis en pedidos superiores a 20\u20ac). Si todo es correcto, haga clic en <b data-path-to-node=\"15\" data-index-in-node=\"193\">\u00abConfirmar Pedido\u00bb<\/b>.<\/p><h4 data-path-to-node=\"16\"><b data-path-to-node=\"16\" data-index-in-node=\"0\">6. Confirmaci\u00f3n por correo electr\u00f3nico<\/b><\/h4><p data-path-to-node=\"17\">Recibir\u00e1 de forma inmediata un email con el n\u00famero de pedido y el resumen de su compra. Cuando el paquete salga de nuestro almac\u00e9n en Coimbra, le enviaremos un segundo correo con el <b data-path-to-node=\"17\" data-index-in-node=\"182\">c\u00f3digo de seguimiento<\/b>.<\/p>\t\t\t\t\t\t\t\t<\/div>\n\t\t\t\t<\/div>\n\t\t\t\t<\/div>","protected":false},"excerpt":{"rendered":"<p>C\u00f3mo realizar su pedido en Earthvit Comprar en nuestra tienda online es un proceso r\u00e1pido, intuitivo y seguro. Siga estos pasos para completar su pedido: 1. Elija sus productos Explore nuestras categor\u00edas y a\u00f1ada al carrito los productos que desee adquirir. Puede revisar el contenido de su carrito y las cantidades en cualquier momento antes&hellip;<\/p>","protected":false},"author":1,"featured_media":0,"parent":0,"menu_order":0,"comment_status":"closed","ping_status":"closed","template":"elementor_header_footer","meta":{"_acf_changed":false,"footnotes":""},"class_list":["post-446","page","type-page","status-publish","hentry"],"acf":[],"_links":{"self":[{"href":"https:\/\/loja.earthvit.es\/en\/wp-json\/wp\/v2\/pages\/446","targetHints":{"allow":["GET"]}}],"collection":[{"href":"https:\/\/loja.earthvit.es\/en\/wp-json\/wp\/v2\/pages"}],"about":[{"href":"https:\/\/loja.earthvit.es\/en\/wp-json\/wp\/v2\/types\/page"}],"author":[{"embeddable":true,"href":"https:\/\/loja.earthvit.es\/en\/wp-json\/wp\/v2\/users\/1"}],"replies":[{"embeddable":true,"href":"https:\/\/loja.earthvit.es\/en\/wp-json\/wp\/v2\/comments?post=446"}],"version-history":[{"count":0,"href":"https:\/\/loja.earthvit.es\/en\/wp-json\/wp\/v2\/pages\/446\/revisions"}],"wp:attachment":[{"href":"https:\/\/loja.earthvit.es\/en\/wp-json\/wp\/v2\/media?parent=446"}],"curies":[{"name":"wp","href":"https:\/\/api.w.org\/{rel}","templated":true}]}}