{"id":35508,"date":"2025-09-23T23:11:44","date_gmt":"2025-09-23T21:11:44","guid":{"rendered":"https:\/\/earthvit.pt\/shop-2\/cafe-verde-strong-pack-economico\/"},"modified":"2026-02-06T16:19:58","modified_gmt":"2026-02-06T15:19:58","slug":"cafe-verde-strong-pack-economico","status":"publish","type":"product","link":"https:\/\/loja.earthvit.es\/en\/shop-2\/cafe-verde-strong-pack-economico\/","title":{"rendered":"CAF\u00c9 VERDE STRONG PACK ECON\u00d3MICO"},"content":{"rendered":"<p>funci\u00f3n hep\u00e1tica<br \/> La Colina contribuye al normal metabolismo de los l\u00edpidos y contribuye a la mantenci\u00f3n de una funci\u00f3n hep\u00e1tica normal.<br \/> metabolismo<br \/> El Cromo contribuye a la mantenci\u00f3n de niveles normales de glucosa en sangre y contribuye al normal metabolismo de los macronutrientes.<\/p>","protected":false},"excerpt":{"rendered":"<p>UN ESPRESSO DE EFECTO INMEDIATO<\/p>","protected":false},"featured_media":34110,"comment_status":"open","ping_status":"closed","template":"","meta":{"_acf_changed":false},"product_cat":[518],"product_tag":[],"class_list":{"0":"post-35508","1":"product","2":"type-product","3":"status-publish","4":"has-post-thumbnail","6":"product_brand-dietmed","7":"product_cat-metabolismo","9":"first","10":"instock","11":"taxable","12":"shipping-taxable","13":"purchasable","14":"product-type-simple","15":"col-xs-6 col-sm-4","16":"col-mf-5","17":"un-5-cols"},"supplier_id":null,"supplier_sku":"","barcode":null,"atum_controlled":true,"out_stock_date":null,"out_stock_threshold":null,"inheritable":false,"inbound_stock":null,"stock_on_hold":null,"sold_today":null,"sales_last_days":null,"reserved_stock":null,"customer_returns":null,"warehouse_damage":null,"lost_in_post":null,"other_logs":null,"out_stock_days":null,"lost_sales":null,"has_location":null,"update_date":null,"atum_locations":[],"atum_stock_status":"instock","restock_status":false,"low_stock_amount":"","sales_update_date":null,"calc_backorders":null,"acf":[],"_links":{"self":[{"href":"https:\/\/loja.earthvit.es\/en\/wp-json\/wp\/v2\/product\/35508","targetHints":{"allow":["GET"]}}],"collection":[{"href":"https:\/\/loja.earthvit.es\/en\/wp-json\/wp\/v2\/product"}],"about":[{"href":"https:\/\/loja.earthvit.es\/en\/wp-json\/wp\/v2\/types\/product"}],"replies":[{"embeddable":true,"href":"https:\/\/loja.earthvit.es\/en\/wp-json\/wp\/v2\/comments?post=35508"}],"version-history":[{"count":0,"href":"https:\/\/loja.earthvit.es\/en\/wp-json\/wp\/v2\/product\/35508\/revisions"}],"wp:featuredmedia":[{"embeddable":true,"href":"https:\/\/loja.earthvit.es\/en\/wp-json\/wp\/v2\/media\/34110"}],"wp:attachment":[{"href":"https:\/\/loja.earthvit.es\/en\/wp-json\/wp\/v2\/media?parent=35508"}],"wp:term":[{"taxonomy":"product_cat","embeddable":true,"href":"https:\/\/loja.earthvit.es\/en\/wp-json\/wp\/v2\/product_cat?post=35508"},{"taxonomy":"product_tag","embeddable":true,"href":"https:\/\/loja.earthvit.es\/en\/wp-json\/wp\/v2\/product_tag?post=35508"}],"curies":[{"name":"wp","href":"https:\/\/api.w.org\/{rel}","templated":true}]}}