{"id":35524,"date":"2025-09-23T23:11:57","date_gmt":"2025-09-23T21:11:57","guid":{"rendered":"https:\/\/earthvit.pt\/shop-2\/cartilogen-ossos\/"},"modified":"2026-02-06T16:20:07","modified_gmt":"2026-02-06T15:20:07","slug":"cartilogen-ossos","status":"publish","type":"product","link":"https:\/\/loja.earthvit.es\/en\/shop-2\/cartilogen-ossos\/","title":{"rendered":"CARTILOGEN HUESOS"},"content":{"rendered":"<p>LIBERTAD DE MOVIMIENTOS<\/p>\n<p>Huesos<br \/> El Calcio es necesario para el mantenimiento de huesos normales.<br \/> Cart\u00edlagos<br \/> La Vitamina C contribuye a la formaci\u00f3n normal de col\u00e1geno para el funcionamiento normal de los cart\u00edlagos y para el funcionamiento normal de los huesos.<\/p>","protected":false},"excerpt":{"rendered":"<p>LIBERTAD DE MOVIMIENTOS<\/p>","protected":false},"featured_media":34126,"comment_status":"open","ping_status":"closed","template":"","meta":{"_acf_changed":false},"product_cat":[179],"product_tag":[],"class_list":{"0":"post-35524","1":"product","2":"type-product","3":"status-publish","4":"has-post-thumbnail","6":"product_brand-dietmed","7":"product_cat-huesos-articulaciones","9":"first","10":"instock","11":"taxable","12":"shipping-taxable","13":"purchasable","14":"product-type-simple","15":"col-xs-6 col-sm-4","16":"col-mf-5","17":"un-5-cols"},"supplier_id":null,"supplier_sku":"","barcode":null,"atum_controlled":true,"out_stock_date":null,"out_stock_threshold":null,"inheritable":false,"inbound_stock":null,"stock_on_hold":null,"sold_today":null,"sales_last_days":null,"reserved_stock":null,"customer_returns":null,"warehouse_damage":null,"lost_in_post":null,"other_logs":null,"out_stock_days":null,"lost_sales":null,"has_location":null,"update_date":null,"atum_locations":[],"atum_stock_status":"instock","restock_status":false,"low_stock_amount":"","sales_update_date":null,"calc_backorders":null,"acf":[],"_links":{"self":[{"href":"https:\/\/loja.earthvit.es\/en\/wp-json\/wp\/v2\/product\/35524","targetHints":{"allow":["GET"]}}],"collection":[{"href":"https:\/\/loja.earthvit.es\/en\/wp-json\/wp\/v2\/product"}],"about":[{"href":"https:\/\/loja.earthvit.es\/en\/wp-json\/wp\/v2\/types\/product"}],"replies":[{"embeddable":true,"href":"https:\/\/loja.earthvit.es\/en\/wp-json\/wp\/v2\/comments?post=35524"}],"version-history":[{"count":0,"href":"https:\/\/loja.earthvit.es\/en\/wp-json\/wp\/v2\/product\/35524\/revisions"}],"wp:featuredmedia":[{"embeddable":true,"href":"https:\/\/loja.earthvit.es\/en\/wp-json\/wp\/v2\/media\/34126"}],"wp:attachment":[{"href":"https:\/\/loja.earthvit.es\/en\/wp-json\/wp\/v2\/media?parent=35524"}],"wp:term":[{"taxonomy":"product_cat","embeddable":true,"href":"https:\/\/loja.earthvit.es\/en\/wp-json\/wp\/v2\/product_cat?post=35524"},{"taxonomy":"product_tag","embeddable":true,"href":"https:\/\/loja.earthvit.es\/en\/wp-json\/wp\/v2\/product_tag?post=35524"}],"curies":[{"name":"wp","href":"https:\/\/api.w.org\/{rel}","templated":true}]}}