{"id":35547,"date":"2025-09-23T23:12:14","date_gmt":"2025-09-23T21:12:14","guid":{"rendered":"https:\/\/earthvit.pt\/shop-2\/collaforce-super-curcuma-10-000\/"},"modified":"2026-02-06T16:20:08","modified_gmt":"2026-02-06T15:20:08","slug":"collaforce-super-curcuma-10-000","status":"publish","type":"product","link":"https:\/\/loja.earthvit.es\/en\/shop-2\/collaforce-super-curcuma-10-000\/","title":{"rendered":"COLLAFORCE SUPER + CURCUMA 10 000"},"content":{"rendered":"<p>CART\u00cdLAGOS, HUESOS Y PIEL<br \/> La Vitamina C contribuye a la normal formaci\u00f3n de col\u00e1geno para el funcionamiento normal de los cart\u00edlagos, para el funcionamiento normal de los huesos y para el funcionamiento normal de la piel. La Vitamina D y el Magnesio contribuyen al mantenimiento de huesos normales y al mantenimiento del normal funcionamiento muscular.<br \/> PROTECCI\u00d3N CELULAR<br \/> La Vitamina C contribuye a la protecci\u00f3n de las c\u00e9lulas contra las oxidaciones indeseables.<\/p>","protected":false},"excerpt":{"rendered":"<p>LA FUERZA DEL COL\u00c1GENO<\/p>","protected":false},"featured_media":34149,"comment_status":"open","ping_status":"closed","template":"","meta":{"_acf_changed":false},"product_cat":[167],"product_tag":[],"class_list":{"0":"post-35547","1":"product","2":"type-product","3":"status-publish","4":"has-post-thumbnail","6":"product_brand-dietmed","7":"product_cat-colageno","9":"first","10":"instock","11":"taxable","12":"shipping-taxable","13":"purchasable","14":"product-type-simple","15":"col-xs-6 col-sm-4","16":"col-mf-5","17":"un-5-cols"},"supplier_id":null,"supplier_sku":"","barcode":null,"atum_controlled":true,"out_stock_date":null,"out_stock_threshold":null,"inheritable":false,"inbound_stock":null,"stock_on_hold":null,"sold_today":null,"sales_last_days":null,"reserved_stock":null,"customer_returns":null,"warehouse_damage":null,"lost_in_post":null,"other_logs":null,"out_stock_days":null,"lost_sales":null,"has_location":null,"update_date":null,"atum_locations":[],"atum_stock_status":"instock","restock_status":false,"low_stock_amount":"","sales_update_date":null,"calc_backorders":null,"acf":[],"_links":{"self":[{"href":"https:\/\/loja.earthvit.es\/en\/wp-json\/wp\/v2\/product\/35547","targetHints":{"allow":["GET"]}}],"collection":[{"href":"https:\/\/loja.earthvit.es\/en\/wp-json\/wp\/v2\/product"}],"about":[{"href":"https:\/\/loja.earthvit.es\/en\/wp-json\/wp\/v2\/types\/product"}],"replies":[{"embeddable":true,"href":"https:\/\/loja.earthvit.es\/en\/wp-json\/wp\/v2\/comments?post=35547"}],"version-history":[{"count":0,"href":"https:\/\/loja.earthvit.es\/en\/wp-json\/wp\/v2\/product\/35547\/revisions"}],"wp:featuredmedia":[{"embeddable":true,"href":"https:\/\/loja.earthvit.es\/en\/wp-json\/wp\/v2\/media\/34149"}],"wp:attachment":[{"href":"https:\/\/loja.earthvit.es\/en\/wp-json\/wp\/v2\/media?parent=35547"}],"wp:term":[{"taxonomy":"product_cat","embeddable":true,"href":"https:\/\/loja.earthvit.es\/en\/wp-json\/wp\/v2\/product_cat?post=35547"},{"taxonomy":"product_tag","embeddable":true,"href":"https:\/\/loja.earthvit.es\/en\/wp-json\/wp\/v2\/product_tag?post=35547"}],"curies":[{"name":"wp","href":"https:\/\/api.w.org\/{rel}","templated":true}]}}