{"id":35551,"date":"2025-09-23T23:12:20","date_gmt":"2025-09-23T21:12:20","guid":{"rendered":"https:\/\/earthvit.pt\/shop-2\/complexo-b\/"},"modified":"2026-02-06T16:20:10","modified_gmt":"2026-02-06T15:20:10","slug":"complexo-b","status":"publish","type":"product","link":"https:\/\/loja.earthvit.es\/en\/shop-2\/complexo-b\/","title":{"rendered":"COMPLEXO B"},"content":{"rendered":"<p>energ\u00eda<br \/> La Vitamina B1 (tiamina), Vitamina B6, Biotina, \u00c1cido Pantot\u00e9nico, Niacina, Vitamina B12 y la Vitamina C contribuyen al normal metabolismo productor de energ\u00eda.<br \/> sistema inmunitario<br \/> La Vitamina B6, Vitamina B12, Vitamina C y el \u00c1cido F\u00f3lico (folato) contribuyen al normal funcionamiento del sistema inmunitario.<br \/> protecci\u00f3n celular<br \/> La Vitamina C y la Vitamina E contribuyen a la protecci\u00f3n de las c\u00e9lulas contra las oxidaciones indeseables.<br \/> piel normal<br \/> La Biotina y la Niacina contribuyen al mantenimiento de una piel normal.<\/p>","protected":false},"excerpt":{"rendered":"<p>NATURMIL: LAS MIL RESPUESTAS DE LA NATURALEZA<\/p>","protected":false},"featured_media":34153,"comment_status":"open","ping_status":"closed","template":"","meta":{"_acf_changed":false},"product_cat":[505],"product_tag":[],"class_list":{"0":"post-35551","1":"product","2":"type-product","3":"status-publish","4":"has-post-thumbnail","6":"product_brand-dietmed","7":"product_cat-energia","9":"first","10":"instock","11":"taxable","12":"shipping-taxable","13":"purchasable","14":"product-type-simple","15":"col-xs-6 col-sm-4","16":"col-mf-5","17":"un-5-cols"},"supplier_id":null,"supplier_sku":"","barcode":null,"atum_controlled":true,"out_stock_date":null,"out_stock_threshold":null,"inheritable":false,"inbound_stock":null,"stock_on_hold":null,"sold_today":null,"sales_last_days":null,"reserved_stock":null,"customer_returns":null,"warehouse_damage":null,"lost_in_post":null,"other_logs":null,"out_stock_days":null,"lost_sales":null,"has_location":null,"update_date":null,"atum_locations":[],"atum_stock_status":"instock","restock_status":false,"low_stock_amount":"","sales_update_date":null,"calc_backorders":null,"acf":[],"_links":{"self":[{"href":"https:\/\/loja.earthvit.es\/en\/wp-json\/wp\/v2\/product\/35551","targetHints":{"allow":["GET"]}}],"collection":[{"href":"https:\/\/loja.earthvit.es\/en\/wp-json\/wp\/v2\/product"}],"about":[{"href":"https:\/\/loja.earthvit.es\/en\/wp-json\/wp\/v2\/types\/product"}],"replies":[{"embeddable":true,"href":"https:\/\/loja.earthvit.es\/en\/wp-json\/wp\/v2\/comments?post=35551"}],"version-history":[{"count":0,"href":"https:\/\/loja.earthvit.es\/en\/wp-json\/wp\/v2\/product\/35551\/revisions"}],"wp:featuredmedia":[{"embeddable":true,"href":"https:\/\/loja.earthvit.es\/en\/wp-json\/wp\/v2\/media\/34153"}],"wp:attachment":[{"href":"https:\/\/loja.earthvit.es\/en\/wp-json\/wp\/v2\/media?parent=35551"}],"wp:term":[{"taxonomy":"product_cat","embeddable":true,"href":"https:\/\/loja.earthvit.es\/en\/wp-json\/wp\/v2\/product_cat?post=35551"},{"taxonomy":"product_tag","embeddable":true,"href":"https:\/\/loja.earthvit.es\/en\/wp-json\/wp\/v2\/product_tag?post=35551"}],"curies":[{"name":"wp","href":"https:\/\/api.w.org\/{rel}","templated":true}]}}