{"id":35575,"date":"2025-09-23T23:12:42","date_gmt":"2025-09-23T21:12:42","guid":{"rendered":"https:\/\/earthvit.pt\/shop-2\/drenalight-barriga-plana\/"},"modified":"2026-02-06T16:20:11","modified_gmt":"2026-02-06T15:20:11","slug":"drenalight-barriga-plana","status":"publish","type":"product","link":"https:\/\/loja.earthvit.es\/en\/shop-2\/drenalight-barriga-plana\/","title":{"rendered":"DRENALIGHT BARRIGA PLANA"},"content":{"rendered":"<p>\u00a1TENER UNA BARRIGA PLANA ES F\u00c1CIL!<\/p>\n<p>P\u00e9rdida de Peso<br \/>El Guaran\u00e1, en el marco de una dieta de bajo valor energ\u00e9tico, contribuye a la p\u00e9rdida de peso y al normal metabolismo de los l\u00edpidos.<\/p>","protected":false},"excerpt":{"rendered":"<p>\u00a1TENER UNA BARRIGA PLANA ES F\u00c1CIL!<\/p>","protected":false},"featured_media":34176,"comment_status":"open","ping_status":"closed","template":"","meta":{"_acf_changed":false},"product_cat":[168],"product_tag":[],"class_list":{"0":"post-35575","1":"product","2":"type-product","3":"status-publish","4":"has-post-thumbnail","6":"product_brand-dietmed","7":"product_cat-control-de-peso","9":"first","10":"instock","11":"taxable","12":"shipping-taxable","13":"purchasable","14":"product-type-simple","15":"col-xs-6 col-sm-4","16":"col-mf-5","17":"un-5-cols"},"supplier_id":null,"supplier_sku":"","barcode":null,"atum_controlled":true,"out_stock_date":null,"out_stock_threshold":null,"inheritable":false,"inbound_stock":null,"stock_on_hold":null,"sold_today":null,"sales_last_days":null,"reserved_stock":null,"customer_returns":null,"warehouse_damage":null,"lost_in_post":null,"other_logs":null,"out_stock_days":null,"lost_sales":null,"has_location":null,"update_date":null,"atum_locations":[],"atum_stock_status":"instock","restock_status":false,"low_stock_amount":"","sales_update_date":null,"calc_backorders":null,"acf":[],"_links":{"self":[{"href":"https:\/\/loja.earthvit.es\/en\/wp-json\/wp\/v2\/product\/35575","targetHints":{"allow":["GET"]}}],"collection":[{"href":"https:\/\/loja.earthvit.es\/en\/wp-json\/wp\/v2\/product"}],"about":[{"href":"https:\/\/loja.earthvit.es\/en\/wp-json\/wp\/v2\/types\/product"}],"replies":[{"embeddable":true,"href":"https:\/\/loja.earthvit.es\/en\/wp-json\/wp\/v2\/comments?post=35575"}],"version-history":[{"count":0,"href":"https:\/\/loja.earthvit.es\/en\/wp-json\/wp\/v2\/product\/35575\/revisions"}],"wp:featuredmedia":[{"embeddable":true,"href":"https:\/\/loja.earthvit.es\/en\/wp-json\/wp\/v2\/media\/34176"}],"wp:attachment":[{"href":"https:\/\/loja.earthvit.es\/en\/wp-json\/wp\/v2\/media?parent=35575"}],"wp:term":[{"taxonomy":"product_cat","embeddable":true,"href":"https:\/\/loja.earthvit.es\/en\/wp-json\/wp\/v2\/product_cat?post=35575"},{"taxonomy":"product_tag","embeddable":true,"href":"https:\/\/loja.earthvit.es\/en\/wp-json\/wp\/v2\/product_tag?post=35575"}],"curies":[{"name":"wp","href":"https:\/\/api.w.org\/{rel}","templated":true}]}}