{"id":35593,"date":"2025-09-23T23:12:55","date_gmt":"2025-09-23T21:12:55","guid":{"rendered":"https:\/\/earthvit.pt\/shop-2\/formula-brasileira\/"},"modified":"2026-02-06T16:20:14","modified_gmt":"2026-02-06T15:20:14","slug":"formula-brasileira","status":"publish","type":"product","link":"https:\/\/loja.earthvit.es\/en\/shop-2\/formula-brasileira\/","title":{"rendered":"F\u00d3RMULA BRASILE\u00d1A"},"content":{"rendered":"<p>funci\u00f3n hep\u00e1tica<br \/> La Colina contribuye al metabolismo normal de los l\u00edpidos y al mantenimiento de una funci\u00f3n hep\u00e1tica normal.<br \/> metabolismo<br \/> El Cromo contribuye al mantenimiento de niveles normales de glucosa en sangre y al metabolismo normal de los macronutrientes.<\/p>","protected":false},"excerpt":{"rendered":"<p>DETOX + QUEMA SUPER CONCENTRADO<\/p>","protected":false},"featured_media":34194,"comment_status":"open","ping_status":"closed","template":"","meta":{"_acf_changed":false},"product_cat":[518],"product_tag":[],"class_list":{"0":"post-35593","1":"product","2":"type-product","3":"status-publish","4":"has-post-thumbnail","6":"product_brand-dietmed","7":"product_cat-metabolismo","9":"first","10":"instock","11":"taxable","12":"shipping-taxable","13":"purchasable","14":"product-type-simple","15":"col-xs-6 col-sm-4","16":"col-mf-5","17":"un-5-cols"},"supplier_id":null,"supplier_sku":"","barcode":null,"atum_controlled":true,"out_stock_date":null,"out_stock_threshold":null,"inheritable":false,"inbound_stock":null,"stock_on_hold":null,"sold_today":null,"sales_last_days":null,"reserved_stock":null,"customer_returns":null,"warehouse_damage":null,"lost_in_post":null,"other_logs":null,"out_stock_days":null,"lost_sales":null,"has_location":null,"update_date":null,"atum_locations":[],"atum_stock_status":"instock","restock_status":false,"low_stock_amount":"","sales_update_date":null,"calc_backorders":null,"acf":[],"_links":{"self":[{"href":"https:\/\/loja.earthvit.es\/en\/wp-json\/wp\/v2\/product\/35593","targetHints":{"allow":["GET"]}}],"collection":[{"href":"https:\/\/loja.earthvit.es\/en\/wp-json\/wp\/v2\/product"}],"about":[{"href":"https:\/\/loja.earthvit.es\/en\/wp-json\/wp\/v2\/types\/product"}],"replies":[{"embeddable":true,"href":"https:\/\/loja.earthvit.es\/en\/wp-json\/wp\/v2\/comments?post=35593"}],"version-history":[{"count":0,"href":"https:\/\/loja.earthvit.es\/en\/wp-json\/wp\/v2\/product\/35593\/revisions"}],"wp:featuredmedia":[{"embeddable":true,"href":"https:\/\/loja.earthvit.es\/en\/wp-json\/wp\/v2\/media\/34194"}],"wp:attachment":[{"href":"https:\/\/loja.earthvit.es\/en\/wp-json\/wp\/v2\/media?parent=35593"}],"wp:term":[{"taxonomy":"product_cat","embeddable":true,"href":"https:\/\/loja.earthvit.es\/en\/wp-json\/wp\/v2\/product_cat?post=35593"},{"taxonomy":"product_tag","embeddable":true,"href":"https:\/\/loja.earthvit.es\/en\/wp-json\/wp\/v2\/product_tag?post=35593"}],"curies":[{"name":"wp","href":"https:\/\/api.w.org\/{rel}","templated":true}]}}