{"id":35634,"date":"2025-09-23T23:13:31","date_gmt":"2025-09-23T21:13:31","guid":{"rendered":"https:\/\/earthvit.pt\/shop-2\/hepafort\/"},"modified":"2026-02-06T16:20:17","modified_gmt":"2026-02-06T15:20:17","slug":"hepafort","status":"publish","type":"product","link":"https:\/\/loja.earthvit.es\/en\/shop-2\/hepafort\/","title":{"rendered":"HEPAFORT"},"content":{"rendered":"<p>Funci\u00f3n Hep\u00e1tica<br \/> La Colina contribuye al normal metabolismo de los l\u00edpidos y al mantenimiento de una funci\u00f3n hep\u00e1tica normal.<br \/> Antioxidante<br \/> La Vitamina C contribuye al normal metabolismo productor de energ\u00eda, a la protecci\u00f3n de las c\u00e9lulas contra las oxidaciones indeseables, a la reducci\u00f3n del cansancio y de la fatiga y al normal funcionamiento del sistema inmunitario.<\/p>","protected":false},"excerpt":{"rendered":"<p>Funci\u00f3n Hep\u00e1tica La Colina contribuye al normal metabolismo de los l\u00edpidos y al mantenimiento de una funci\u00f3n hep\u00e1tica normal. Antioxidante La Vitamina C contribuye al normal metabolismo productor de energ\u00eda, a la protecci\u00f3n de las c\u00e9lulas contra las oxidaciones indeseables, a la reducci\u00f3n del cansancio y de la fatiga y al normal funcionamiento del sistema&hellip;<\/p>","protected":false},"featured_media":34235,"comment_status":"open","ping_status":"closed","template":"","meta":{"_acf_changed":false},"product_cat":[514],"product_tag":[],"class_list":{"0":"post-35634","1":"product","2":"type-product","3":"status-publish","4":"has-post-thumbnail","6":"product_brand-dietmed","7":"product_cat-antioxidante","9":"first","10":"instock","11":"taxable","12":"shipping-taxable","13":"purchasable","14":"product-type-simple","15":"col-xs-6 col-sm-4","16":"col-mf-5","17":"un-5-cols"},"supplier_id":null,"supplier_sku":"","barcode":null,"atum_controlled":true,"out_stock_date":null,"out_stock_threshold":null,"inheritable":false,"inbound_stock":null,"stock_on_hold":null,"sold_today":null,"sales_last_days":null,"reserved_stock":null,"customer_returns":null,"warehouse_damage":null,"lost_in_post":null,"other_logs":null,"out_stock_days":null,"lost_sales":null,"has_location":null,"update_date":null,"atum_locations":[],"atum_stock_status":"instock","restock_status":false,"low_stock_amount":"","sales_update_date":null,"calc_backorders":null,"acf":[],"_links":{"self":[{"href":"https:\/\/loja.earthvit.es\/en\/wp-json\/wp\/v2\/product\/35634","targetHints":{"allow":["GET"]}}],"collection":[{"href":"https:\/\/loja.earthvit.es\/en\/wp-json\/wp\/v2\/product"}],"about":[{"href":"https:\/\/loja.earthvit.es\/en\/wp-json\/wp\/v2\/types\/product"}],"replies":[{"embeddable":true,"href":"https:\/\/loja.earthvit.es\/en\/wp-json\/wp\/v2\/comments?post=35634"}],"version-history":[{"count":0,"href":"https:\/\/loja.earthvit.es\/en\/wp-json\/wp\/v2\/product\/35634\/revisions"}],"wp:featuredmedia":[{"embeddable":true,"href":"https:\/\/loja.earthvit.es\/en\/wp-json\/wp\/v2\/media\/34235"}],"wp:attachment":[{"href":"https:\/\/loja.earthvit.es\/en\/wp-json\/wp\/v2\/media?parent=35634"}],"wp:term":[{"taxonomy":"product_cat","embeddable":true,"href":"https:\/\/loja.earthvit.es\/en\/wp-json\/wp\/v2\/product_cat?post=35634"},{"taxonomy":"product_tag","embeddable":true,"href":"https:\/\/loja.earthvit.es\/en\/wp-json\/wp\/v2\/product_tag?post=35634"}],"curies":[{"name":"wp","href":"https:\/\/api.w.org\/{rel}","templated":true}]}}