{"id":35678,"date":"2025-09-23T23:14:10","date_gmt":"2025-09-23T21:14:10","guid":{"rendered":"https:\/\/earthvit.pt\/shop-2\/megaroyal-immunitas-super\/"},"modified":"2026-02-06T16:20:22","modified_gmt":"2026-02-06T15:20:22","slug":"megaroyal-immunitas-super","status":"publish","type":"product","link":"https:\/\/loja.earthvit.es\/en\/shop-2\/megaroyal-immunitas-super\/","title":{"rendered":"MEGAROYAL IMMUNITAS SUPER"},"content":{"rendered":"<p>Inmunidad<br \/>La Vitamina B6, la Vitamina B12, la Vitamina C, la Vitamina D y el Zinc contribuyen al normal funcionamiento del sistema inmunitario.<br \/>Desempe\u00f1o Mental<br \/>El \u00c1cido Pantot\u00e9nico contribuye a un desempe\u00f1o mental normal.<br \/>Funci\u00f3n Psicol\u00f3gica y Energ\u00eda<br \/>La Vitamina B1 (tiamina), la Vitamina B6, la Vitamina B12, la Biotina, la Niacina y la Vitamina C contribuyen a una normal funci\u00f3n psicol\u00f3gica y al normal metabolismo productor de energ\u00eda.<br \/>Cansancio y Fatiga<br \/>La Vitamina B6, la Vitamina B12, la Niacina, el \u00c1cido Pantot\u00e9nico y la Vitamina C contribuyen a la reducci\u00f3n del cansancio y de la fatiga.<br \/>Antioxidante<br \/>La Vitamina C y el Zinc contribuyen a la protecci\u00f3n de las c\u00e9lulas contra las oxidaciones indeseables.<br \/>Funci\u00f3n Cognitiva<br \/>El Zinc contribuye a una normal funci\u00f3n cognitiva.<\/p>","protected":false},"excerpt":{"rendered":"<p>BENEFICIOS REALES<\/p>","protected":false},"featured_media":34278,"comment_status":"open","ping_status":"closed","template":"","meta":{"_acf_changed":false},"product_cat":[517],"product_tag":[],"class_list":{"0":"post-35678","1":"product","2":"type-product","3":"status-publish","4":"has-post-thumbnail","6":"product_brand-dietmed","7":"product_cat-funcaocognitiva","9":"first","10":"instock","11":"taxable","12":"shipping-taxable","13":"purchasable","14":"product-type-simple","15":"col-xs-6 col-sm-4","16":"col-mf-5","17":"un-5-cols"},"supplier_id":null,"supplier_sku":"","barcode":null,"atum_controlled":true,"out_stock_date":null,"out_stock_threshold":null,"inheritable":false,"inbound_stock":null,"stock_on_hold":null,"sold_today":null,"sales_last_days":null,"reserved_stock":null,"customer_returns":null,"warehouse_damage":null,"lost_in_post":null,"other_logs":null,"out_stock_days":null,"lost_sales":null,"has_location":null,"update_date":null,"atum_locations":[],"atum_stock_status":"instock","restock_status":false,"low_stock_amount":"","sales_update_date":null,"calc_backorders":null,"acf":[],"_links":{"self":[{"href":"https:\/\/loja.earthvit.es\/en\/wp-json\/wp\/v2\/product\/35678","targetHints":{"allow":["GET"]}}],"collection":[{"href":"https:\/\/loja.earthvit.es\/en\/wp-json\/wp\/v2\/product"}],"about":[{"href":"https:\/\/loja.earthvit.es\/en\/wp-json\/wp\/v2\/types\/product"}],"replies":[{"embeddable":true,"href":"https:\/\/loja.earthvit.es\/en\/wp-json\/wp\/v2\/comments?post=35678"}],"version-history":[{"count":0,"href":"https:\/\/loja.earthvit.es\/en\/wp-json\/wp\/v2\/product\/35678\/revisions"}],"wp:featuredmedia":[{"embeddable":true,"href":"https:\/\/loja.earthvit.es\/en\/wp-json\/wp\/v2\/media\/34278"}],"wp:attachment":[{"href":"https:\/\/loja.earthvit.es\/en\/wp-json\/wp\/v2\/media?parent=35678"}],"wp:term":[{"taxonomy":"product_cat","embeddable":true,"href":"https:\/\/loja.earthvit.es\/en\/wp-json\/wp\/v2\/product_cat?post=35678"},{"taxonomy":"product_tag","embeddable":true,"href":"https:\/\/loja.earthvit.es\/en\/wp-json\/wp\/v2\/product_tag?post=35678"}],"curies":[{"name":"wp","href":"https:\/\/api.w.org\/{rel}","templated":true}]}}