{"id":35689,"date":"2025-09-23T23:14:20","date_gmt":"2025-09-23T21:14:20","guid":{"rendered":"https:\/\/earthvit.pt\/shop-2\/memorium-50\/"},"modified":"2026-02-06T16:20:22","modified_gmt":"2026-02-06T15:20:22","slug":"memorium-50","status":"publish","type":"product","link":"https:\/\/loja.earthvit.es\/en\/shop-2\/memorium-50\/","title":{"rendered":"MEMORIUM 50+"},"content":{"rendered":"<p>Funci\u00f3n Cognitiva<br \/> El Zinc contribuye a una funci\u00f3n cognitiva normal y a la protecci\u00f3n de las c\u00e9lulas contra las oxidaciones indeseables.<br \/> Funci\u00f3n Psicol\u00f3gica<br \/> La Vitamina B1 (tiamina), la Vitamina B6, la Vitamina B12, el \u00c1cido F\u00f3lico (folato), la Biotina, la Niacina y la Vitamina C, contribuyen a una funci\u00f3n psicol\u00f3gica normal.<br \/> CON GINKGO BILOBA, \u00d3MEGA 3 &amp; Jalea Real | + Vitaminas<\/p>","protected":false},"excerpt":{"rendered":"<p>TODOS NECESITAMOS UN<br \/> ASISTENTE PERSONAL<\/p>","protected":false},"featured_media":34290,"comment_status":"open","ping_status":"closed","template":"","meta":{"_acf_changed":false},"product_cat":[517],"product_tag":[],"class_list":{"0":"post-35689","1":"product","2":"type-product","3":"status-publish","4":"has-post-thumbnail","6":"product_brand-dietmed","7":"product_cat-funcaocognitiva","9":"first","10":"instock","11":"taxable","12":"shipping-taxable","13":"purchasable","14":"product-type-simple","15":"col-xs-6 col-sm-4","16":"col-mf-5","17":"un-5-cols"},"supplier_id":null,"supplier_sku":"","barcode":null,"atum_controlled":true,"out_stock_date":null,"out_stock_threshold":null,"inheritable":false,"inbound_stock":null,"stock_on_hold":null,"sold_today":null,"sales_last_days":null,"reserved_stock":null,"customer_returns":null,"warehouse_damage":null,"lost_in_post":null,"other_logs":null,"out_stock_days":null,"lost_sales":null,"has_location":null,"update_date":null,"atum_locations":[],"atum_stock_status":"instock","restock_status":false,"low_stock_amount":"","sales_update_date":null,"calc_backorders":null,"acf":[],"_links":{"self":[{"href":"https:\/\/loja.earthvit.es\/en\/wp-json\/wp\/v2\/product\/35689","targetHints":{"allow":["GET"]}}],"collection":[{"href":"https:\/\/loja.earthvit.es\/en\/wp-json\/wp\/v2\/product"}],"about":[{"href":"https:\/\/loja.earthvit.es\/en\/wp-json\/wp\/v2\/types\/product"}],"replies":[{"embeddable":true,"href":"https:\/\/loja.earthvit.es\/en\/wp-json\/wp\/v2\/comments?post=35689"}],"version-history":[{"count":0,"href":"https:\/\/loja.earthvit.es\/en\/wp-json\/wp\/v2\/product\/35689\/revisions"}],"wp:featuredmedia":[{"embeddable":true,"href":"https:\/\/loja.earthvit.es\/en\/wp-json\/wp\/v2\/media\/34290"}],"wp:attachment":[{"href":"https:\/\/loja.earthvit.es\/en\/wp-json\/wp\/v2\/media?parent=35689"}],"wp:term":[{"taxonomy":"product_cat","embeddable":true,"href":"https:\/\/loja.earthvit.es\/en\/wp-json\/wp\/v2\/product_cat?post=35689"},{"taxonomy":"product_tag","embeddable":true,"href":"https:\/\/loja.earthvit.es\/en\/wp-json\/wp\/v2\/product_tag?post=35689"}],"curies":[{"name":"wp","href":"https:\/\/api.w.org\/{rel}","templated":true}]}}