{"id":35728,"date":"2025-09-23T23:14:51","date_gmt":"2025-09-23T21:14:51","guid":{"rendered":"https:\/\/earthvit.pt\/shop-2\/psyfort\/"},"modified":"2026-02-06T16:20:25","modified_gmt":"2026-02-06T15:20:25","slug":"psyfort","status":"publish","type":"product","link":"https:\/\/loja.earthvit.es\/en\/shop-2\/psyfort\/","title":{"rendered":"PSYFORT"},"content":{"rendered":"<p>funci\u00f3n psicol\u00f3gica<br \/> El folato contribuye a una normal funci\u00f3n psicol\u00f3gica y a la reducci\u00f3n del cansancio y de la fatiga.<br \/> sistema nervioso<br \/> La vitamina C contribuye al normal funcionamiento del sistema nervioso.<br \/> CANSANCIO Y FATIGA<br \/> La Vitamina B6, la Vitamina B12, el \u00c1cido F\u00f3lico (folato) y la Vitamina C contribuyen a la reducci\u00f3n del cansancio y de la fatiga.<\/p>","protected":false},"excerpt":{"rendered":"<p>funci\u00f3n psicol\u00f3gica El folato contribuye a una normal funci\u00f3n psicol\u00f3gica y a la reducci\u00f3n del cansancio y de la fatiga. sistema nervioso La vitamina C contribuye al normal funcionamiento del sistema nervioso. CANSANCIO Y FATIGA La Vitamina B6, la Vitamina B12, el \u00c1cido F\u00f3lico (folato) y la Vitamina C contribuyen a la reducci\u00f3n del cansancio&hellip;<\/p>","protected":false},"featured_media":34329,"comment_status":"open","ping_status":"closed","template":"","meta":{"_acf_changed":false},"product_cat":[505],"product_tag":[],"class_list":{"0":"post-35728","1":"product","2":"type-product","3":"status-publish","4":"has-post-thumbnail","6":"product_brand-dietmed","7":"product_cat-energia","9":"first","10":"instock","11":"taxable","12":"shipping-taxable","13":"purchasable","14":"product-type-simple","15":"col-xs-6 col-sm-4","16":"col-mf-5","17":"un-5-cols"},"supplier_id":null,"supplier_sku":"","barcode":null,"atum_controlled":true,"out_stock_date":null,"out_stock_threshold":null,"inheritable":false,"inbound_stock":null,"stock_on_hold":null,"sold_today":null,"sales_last_days":null,"reserved_stock":null,"customer_returns":null,"warehouse_damage":null,"lost_in_post":null,"other_logs":null,"out_stock_days":null,"lost_sales":null,"has_location":null,"update_date":null,"atum_locations":[],"atum_stock_status":"instock","restock_status":false,"low_stock_amount":"","sales_update_date":null,"calc_backorders":null,"acf":[],"_links":{"self":[{"href":"https:\/\/loja.earthvit.es\/en\/wp-json\/wp\/v2\/product\/35728","targetHints":{"allow":["GET"]}}],"collection":[{"href":"https:\/\/loja.earthvit.es\/en\/wp-json\/wp\/v2\/product"}],"about":[{"href":"https:\/\/loja.earthvit.es\/en\/wp-json\/wp\/v2\/types\/product"}],"replies":[{"embeddable":true,"href":"https:\/\/loja.earthvit.es\/en\/wp-json\/wp\/v2\/comments?post=35728"}],"version-history":[{"count":0,"href":"https:\/\/loja.earthvit.es\/en\/wp-json\/wp\/v2\/product\/35728\/revisions"}],"wp:featuredmedia":[{"embeddable":true,"href":"https:\/\/loja.earthvit.es\/en\/wp-json\/wp\/v2\/media\/34329"}],"wp:attachment":[{"href":"https:\/\/loja.earthvit.es\/en\/wp-json\/wp\/v2\/media?parent=35728"}],"wp:term":[{"taxonomy":"product_cat","embeddable":true,"href":"https:\/\/loja.earthvit.es\/en\/wp-json\/wp\/v2\/product_cat?post=35728"},{"taxonomy":"product_tag","embeddable":true,"href":"https:\/\/loja.earthvit.es\/en\/wp-json\/wp\/v2\/product_tag?post=35728"}],"curies":[{"name":"wp","href":"https:\/\/api.w.org\/{rel}","templated":true}]}}