{"id":35738,"date":"2025-09-23T23:15:00","date_gmt":"2025-09-23T21:15:00","guid":{"rendered":"https:\/\/earthvit.pt\/shop-2\/revicel-neo\/"},"modified":"2026-02-06T16:20:28","modified_gmt":"2026-02-06T15:20:28","slug":"revicel-neo","status":"publish","type":"product","link":"https:\/\/loja.earthvit.es\/en\/shop-2\/revicel-neo\/","title":{"rendered":"REVICEL NEO"},"content":{"rendered":"<p>Cansancio, Fatiga y Divisi\u00f3n Celular<br \/> El \u00c1cido F\u00f3lico (folato) y la Vitamina B12 contribuyen al normal funcionamiento del sistema inmunitario, a la reducci\u00f3n del cansancio y de la fatiga y al proceso de divisi\u00f3n celular.<br \/> Inmunidad<br \/> La Vitamina D y el Zinc contribuyen al normal funcionamiento del sistema inmunitario y al proceso de divisi\u00f3n celular.<br \/> Gl\u00f3bulos Rojos<br \/> La Vitamina B12 contribuye a la formaci\u00f3n normal de gl\u00f3bulos rojos.<br \/> Antioxidante<br \/> El Zinc contribuye a la s\u00edntesis normal del ADN y a la protecci\u00f3n de las c\u00e9lulas contra las oxidaciones indeseables.<\/p>","protected":false},"excerpt":{"rendered":"<p>Cansancio, Fatiga y Divisi\u00f3n Celular El \u00c1cido F\u00f3lico (folato) y la Vitamina B12 contribuyen al normal funcionamiento del sistema inmunitario, a la reducci\u00f3n del cansancio y de la fatiga y al proceso de divisi\u00f3n celular. Inmunidad La Vitamina D y el Zinc contribuyen al normal funcionamiento del sistema inmunitario y al proceso de divisi\u00f3n celular.&hellip;<\/p>","protected":false},"featured_media":34339,"comment_status":"open","ping_status":"closed","template":"","meta":{"_acf_changed":false},"product_cat":[514],"product_tag":[],"class_list":{"0":"post-35738","1":"product","2":"type-product","3":"status-publish","4":"has-post-thumbnail","6":"product_brand-dietmed","7":"product_cat-antioxidante","9":"first","10":"instock","11":"taxable","12":"shipping-taxable","13":"purchasable","14":"product-type-simple","15":"col-xs-6 col-sm-4","16":"col-mf-5","17":"un-5-cols"},"supplier_id":null,"supplier_sku":"","barcode":null,"atum_controlled":true,"out_stock_date":null,"out_stock_threshold":null,"inheritable":false,"inbound_stock":null,"stock_on_hold":null,"sold_today":null,"sales_last_days":null,"reserved_stock":null,"customer_returns":null,"warehouse_damage":null,"lost_in_post":null,"other_logs":null,"out_stock_days":null,"lost_sales":null,"has_location":null,"update_date":null,"atum_locations":[],"atum_stock_status":"instock","restock_status":false,"low_stock_amount":"","sales_update_date":null,"calc_backorders":null,"acf":[],"_links":{"self":[{"href":"https:\/\/loja.earthvit.es\/en\/wp-json\/wp\/v2\/product\/35738","targetHints":{"allow":["GET"]}}],"collection":[{"href":"https:\/\/loja.earthvit.es\/en\/wp-json\/wp\/v2\/product"}],"about":[{"href":"https:\/\/loja.earthvit.es\/en\/wp-json\/wp\/v2\/types\/product"}],"replies":[{"embeddable":true,"href":"https:\/\/loja.earthvit.es\/en\/wp-json\/wp\/v2\/comments?post=35738"}],"version-history":[{"count":0,"href":"https:\/\/loja.earthvit.es\/en\/wp-json\/wp\/v2\/product\/35738\/revisions"}],"wp:featuredmedia":[{"embeddable":true,"href":"https:\/\/loja.earthvit.es\/en\/wp-json\/wp\/v2\/media\/34339"}],"wp:attachment":[{"href":"https:\/\/loja.earthvit.es\/en\/wp-json\/wp\/v2\/media?parent=35738"}],"wp:term":[{"taxonomy":"product_cat","embeddable":true,"href":"https:\/\/loja.earthvit.es\/en\/wp-json\/wp\/v2\/product_cat?post=35738"},{"taxonomy":"product_tag","embeddable":true,"href":"https:\/\/loja.earthvit.es\/en\/wp-json\/wp\/v2\/product_tag?post=35738"}],"curies":[{"name":"wp","href":"https:\/\/api.w.org\/{rel}","templated":true}]}}