{"id":35790,"date":"2025-09-23T23:15:45","date_gmt":"2025-09-23T21:15:45","guid":{"rendered":"https:\/\/earthvit.pt\/shop-2\/vitamineral-nutri\/"},"modified":"2026-02-06T16:20:31","modified_gmt":"2026-02-06T15:20:31","slug":"vitamineral-nutri","status":"publish","type":"product","link":"https:\/\/loja.earthvit.es\/en\/shop-2\/vitamineral-nutri\/","title":{"rendered":"VITAMINERAL NUTRI"},"content":{"rendered":"<p>Cansancio y Fatiga<br \/> La Vitamina B6, la Vitamina B12, el \u00c1cido Pantot\u00e9nico, el \u00c1cido F\u00f3lico (folato), la Niacina y la Vitamina C contribuyen a la reducci\u00f3n del cansancio y de la fatiga.<br \/> Inmunidad<br \/> La Vitamina C, el Selenio y el Zinc contribuyen al funcionamiento normal del sistema inmunitario.<br \/> Energ\u00eda<br \/> El Cobre, el Hierro, el Manganeso, el \u00c1cido Pantot\u00e9nico, la Niacina, la Vitamina B1 (tiamina), la Vitamina B6 y la Vitamina B12 contribuyen al metabolismo normal productor de energ\u00eda.<br \/> Visi\u00f3n Normal<br \/> El Zinc y la Vitamina A contribuyen a la conservaci\u00f3n de una visi\u00f3n normal.<\/p>","protected":false},"excerpt":{"rendered":"<p>Cansancio y Fatiga La Vitamina B6, la Vitamina B12, el \u00c1cido Pantot\u00e9nico, el \u00c1cido F\u00f3lico (folato), la Niacina y la Vitamina C contribuyen a la reducci\u00f3n del cansancio y de la fatiga. Inmunidad La Vitamina C, el Selenio y el Zinc contribuyen al funcionamiento normal del sistema inmunitario. Energ\u00eda El Cobre, el Hierro, el Manganeso,&hellip;<\/p>","protected":false},"featured_media":34390,"comment_status":"open","ping_status":"closed","template":"","meta":{"_acf_changed":false},"product_cat":[510],"product_tag":[],"class_list":{"0":"post-35790","1":"product","2":"type-product","3":"status-publish","4":"has-post-thumbnail","6":"product_brand-dietmed","7":"product_cat-visao","9":"first","10":"instock","11":"taxable","12":"shipping-taxable","13":"purchasable","14":"product-type-simple","15":"col-xs-6 col-sm-4","16":"col-mf-5","17":"un-5-cols"},"supplier_id":null,"supplier_sku":"","barcode":null,"atum_controlled":true,"out_stock_date":null,"out_stock_threshold":null,"inheritable":false,"inbound_stock":null,"stock_on_hold":null,"sold_today":null,"sales_last_days":null,"reserved_stock":null,"customer_returns":null,"warehouse_damage":null,"lost_in_post":null,"other_logs":null,"out_stock_days":null,"lost_sales":null,"has_location":null,"update_date":null,"atum_locations":[],"atum_stock_status":"instock","restock_status":false,"low_stock_amount":"","sales_update_date":null,"calc_backorders":null,"acf":[],"_links":{"self":[{"href":"https:\/\/loja.earthvit.es\/en\/wp-json\/wp\/v2\/product\/35790","targetHints":{"allow":["GET"]}}],"collection":[{"href":"https:\/\/loja.earthvit.es\/en\/wp-json\/wp\/v2\/product"}],"about":[{"href":"https:\/\/loja.earthvit.es\/en\/wp-json\/wp\/v2\/types\/product"}],"replies":[{"embeddable":true,"href":"https:\/\/loja.earthvit.es\/en\/wp-json\/wp\/v2\/comments?post=35790"}],"version-history":[{"count":0,"href":"https:\/\/loja.earthvit.es\/en\/wp-json\/wp\/v2\/product\/35790\/revisions"}],"wp:featuredmedia":[{"embeddable":true,"href":"https:\/\/loja.earthvit.es\/en\/wp-json\/wp\/v2\/media\/34390"}],"wp:attachment":[{"href":"https:\/\/loja.earthvit.es\/en\/wp-json\/wp\/v2\/media?parent=35790"}],"wp:term":[{"taxonomy":"product_cat","embeddable":true,"href":"https:\/\/loja.earthvit.es\/en\/wp-json\/wp\/v2\/product_cat?post=35790"},{"taxonomy":"product_tag","embeddable":true,"href":"https:\/\/loja.earthvit.es\/en\/wp-json\/wp\/v2\/product_tag?post=35790"}],"curies":[{"name":"wp","href":"https:\/\/api.w.org\/{rel}","templated":true}]}}