{"id":36801,"date":"2025-10-13T23:06:22","date_gmt":"2025-10-13T21:06:22","guid":{"rendered":"https:\/\/earthvit.pt\/shop-2\/kiki-health-psyllium-husks-bio-275g\/"},"modified":"2026-02-06T16:20:34","modified_gmt":"2026-02-06T15:20:34","slug":"kiki-health-psyllium-husks-bio-275g","status":"publish","type":"product","link":"https:\/\/loja.earthvit.es\/en\/shop-2\/kiki-health-psyllium-husks-bio-275g\/","title":{"rendered":"Kiki Health C\u00e1scara de Psyllium Bio 275G"},"content":{"rendered":"<p>Agregar 1 cucharadita colmada (5g) en cualquier bebida o batido. Es esencial beber suficiente agua a lo largo del d\u00eda, antes y despu\u00e9s de la toma de psyllium.<\/p>\n<p>C\u00e1scara de las semillas de la planta Plantago Ovata.<br \/> Con alto contenido en fibra.<br \/> Naturalmente sin gluten.<br \/> Sin colorantes, conservantes y edulcorantes artificiales.<br \/> Producido en el Reino Unido.<br \/> El frasco contiene 55 dosis.<br \/> 1 dosis = 1 cucharadita (5g).<\/p>","protected":false},"excerpt":{"rendered":"<p>adicionar 1 colher de ch\u00e1 cheia (5g) em qualquer bebida ou smoothie. \u00c9 essencial beber bastante \u00e1gua, ao longo do dia, antes e depois da toma de ps\u00edlio.<\/p>","protected":false},"featured_media":36772,"comment_status":"open","ping_status":"closed","template":"","meta":{"_acf_changed":false},"product_cat":[530],"product_tag":[],"class_list":{"0":"post-36801","1":"product","2":"type-product","3":"status-publish","4":"has-post-thumbnail","6":"product_brand-kikihealth","7":"product_cat-superalimentos","9":"first","10":"instock","11":"taxable","12":"shipping-taxable","13":"purchasable","14":"product-type-simple","15":"col-xs-6 col-sm-4","16":"col-mf-5","17":"un-5-cols"},"supplier_id":null,"supplier_sku":"","barcode":null,"atum_controlled":true,"out_stock_date":null,"out_stock_threshold":null,"inheritable":false,"inbound_stock":null,"stock_on_hold":null,"sold_today":null,"sales_last_days":null,"reserved_stock":null,"customer_returns":null,"warehouse_damage":null,"lost_in_post":null,"other_logs":null,"out_stock_days":null,"lost_sales":null,"has_location":null,"update_date":null,"atum_locations":[],"atum_stock_status":"instock","restock_status":false,"low_stock_amount":"","sales_update_date":null,"calc_backorders":null,"acf":[],"_links":{"self":[{"href":"https:\/\/loja.earthvit.es\/en\/wp-json\/wp\/v2\/product\/36801","targetHints":{"allow":["GET"]}}],"collection":[{"href":"https:\/\/loja.earthvit.es\/en\/wp-json\/wp\/v2\/product"}],"about":[{"href":"https:\/\/loja.earthvit.es\/en\/wp-json\/wp\/v2\/types\/product"}],"replies":[{"embeddable":true,"href":"https:\/\/loja.earthvit.es\/en\/wp-json\/wp\/v2\/comments?post=36801"}],"version-history":[{"count":0,"href":"https:\/\/loja.earthvit.es\/en\/wp-json\/wp\/v2\/product\/36801\/revisions"}],"wp:featuredmedia":[{"embeddable":true,"href":"https:\/\/loja.earthvit.es\/en\/wp-json\/wp\/v2\/media\/36772"}],"wp:attachment":[{"href":"https:\/\/loja.earthvit.es\/en\/wp-json\/wp\/v2\/media?parent=36801"}],"wp:term":[{"taxonomy":"product_cat","embeddable":true,"href":"https:\/\/loja.earthvit.es\/en\/wp-json\/wp\/v2\/product_cat?post=36801"},{"taxonomy":"product_tag","embeddable":true,"href":"https:\/\/loja.earthvit.es\/en\/wp-json\/wp\/v2\/product_tag?post=36801"}],"curies":[{"name":"wp","href":"https:\/\/api.w.org\/{rel}","templated":true}]}}