{"id":36804,"date":"2025-10-13T23:06:25","date_gmt":"2025-10-13T21:06:25","guid":{"rendered":"https:\/\/earthvit.pt\/shop-2\/kiki-health-carvao-veg-ativado-50-caps\/"},"modified":"2026-02-06T16:20:34","modified_gmt":"2026-02-06T15:20:34","slug":"kiki-health-carvao-veg-ativado-50-caps","status":"publish","type":"product","link":"https:\/\/loja.earthvit.es\/en\/shop-2\/kiki-health-carvao-veg-ativado-50-caps\/","title":{"rendered":"Kiki Health Carb\u00f3n Vegetal Activado 50 C\u00e1ps"},"content":{"rendered":"<p>SUPLEMENTO ALIMENTARIO &#8211; CARB\u00d3N VEGETAL ACTIVADO (50 c\u00e1psulas vegetales)<\/p>\n<p>Hecho a partir de c\u00e1scaras de coco. Adecuado para veganos.<br \/> Naturalmente sin gluten. Sin colorantes, conservantes y edulcorantes artificiales.<br \/> El carb\u00f3n activado contribuye a reducir la flatulencia excesiva despu\u00e9s de la comida*.<br \/> * El efecto beneficioso descrito se obtiene con 1 g que debe tomarse, al menos, 30 minutos antes de la comida y 1 g justo despu\u00e9s de la comida. Es importante seguir una dieta variada y equilibrada y un estilo de vida saludable.<br \/> Producido en el Reino Unido.<\/p>","protected":false},"excerpt":{"rendered":"<p>SUPLEMENTO ALIMENTAR &#8211; CARB\u00d3N VEGETAL ACTIVADO (50 c\u00e1psulas vegetales)<\/p>","protected":false},"featured_media":36788,"comment_status":"open","ping_status":"closed","template":"","meta":{"_acf_changed":false},"product_cat":[189],"product_tag":[],"class_list":{"0":"post-36804","1":"product","2":"type-product","3":"status-publish","4":"has-post-thumbnail","6":"product_brand-kikihealth","7":"product_cat-vegan","9":"first","10":"instock","11":"taxable","12":"shipping-taxable","13":"purchasable","14":"product-type-simple","15":"col-xs-6 col-sm-4","16":"col-mf-5","17":"un-5-cols"},"supplier_id":null,"supplier_sku":"","barcode":null,"atum_controlled":true,"out_stock_date":null,"out_stock_threshold":null,"inheritable":false,"inbound_stock":null,"stock_on_hold":null,"sold_today":null,"sales_last_days":null,"reserved_stock":null,"customer_returns":null,"warehouse_damage":null,"lost_in_post":null,"other_logs":null,"out_stock_days":null,"lost_sales":null,"has_location":null,"update_date":null,"atum_locations":[],"atum_stock_status":"instock","restock_status":false,"low_stock_amount":"","sales_update_date":null,"calc_backorders":null,"acf":[],"_links":{"self":[{"href":"https:\/\/loja.earthvit.es\/en\/wp-json\/wp\/v2\/product\/36804","targetHints":{"allow":["GET"]}}],"collection":[{"href":"https:\/\/loja.earthvit.es\/en\/wp-json\/wp\/v2\/product"}],"about":[{"href":"https:\/\/loja.earthvit.es\/en\/wp-json\/wp\/v2\/types\/product"}],"replies":[{"embeddable":true,"href":"https:\/\/loja.earthvit.es\/en\/wp-json\/wp\/v2\/comments?post=36804"}],"version-history":[{"count":0,"href":"https:\/\/loja.earthvit.es\/en\/wp-json\/wp\/v2\/product\/36804\/revisions"}],"wp:featuredmedia":[{"embeddable":true,"href":"https:\/\/loja.earthvit.es\/en\/wp-json\/wp\/v2\/media\/36788"}],"wp:attachment":[{"href":"https:\/\/loja.earthvit.es\/en\/wp-json\/wp\/v2\/media?parent=36804"}],"wp:term":[{"taxonomy":"product_cat","embeddable":true,"href":"https:\/\/loja.earthvit.es\/en\/wp-json\/wp\/v2\/product_cat?post=36804"},{"taxonomy":"product_tag","embeddable":true,"href":"https:\/\/loja.earthvit.es\/en\/wp-json\/wp\/v2\/product_tag?post=36804"}],"curies":[{"name":"wp","href":"https:\/\/api.w.org\/{rel}","templated":true}]}}