{"id":36900,"date":"2025-10-14T12:33:00","date_gmt":"2025-10-14T10:33:00","guid":{"rendered":"https:\/\/earthvit.pt\/shop-2\/ginseng-siberiano-raiz-extrato-liquido-s-alcool\/"},"modified":"2026-02-06T16:20:35","modified_gmt":"2026-02-06T15:20:35","slug":"ginseng-siberiano-raiz-extrato-liquido-s-alcool","status":"publish","type":"product","link":"https:\/\/loja.earthvit.es\/en\/shop-2\/ginseng-siberiano-raiz-extrato-liquido-s-alcool\/","title":{"rendered":"Ra\u00edz de Ginseng Siberiano &#8211; Extracto L\u00edquido Sin Alcohol"},"content":{"rendered":"<p>Extracto l\u00edquido no alcoh\u00f3lico de ra\u00edz de ginseng siberiano<\/p>","protected":false},"excerpt":{"rendered":"<p>Suplemento Alimentario<\/p>","protected":false},"featured_media":36877,"comment_status":"open","ping_status":"closed","template":"","meta":{"_acf_changed":false},"product_cat":[505],"product_tag":[],"class_list":{"0":"post-36900","1":"product","2":"type-product","3":"status-publish","4":"has-post-thumbnail","6":"product_brand-naturesanswer","7":"product_cat-energia","9":"first","10":"instock","11":"taxable","12":"shipping-taxable","13":"purchasable","14":"product-type-simple","15":"col-xs-6 col-sm-4","16":"col-mf-5","17":"un-5-cols"},"supplier_id":null,"supplier_sku":"","barcode":null,"atum_controlled":true,"out_stock_date":null,"out_stock_threshold":null,"inheritable":false,"inbound_stock":null,"stock_on_hold":null,"sold_today":null,"sales_last_days":null,"reserved_stock":null,"customer_returns":null,"warehouse_damage":null,"lost_in_post":null,"other_logs":null,"out_stock_days":null,"lost_sales":null,"has_location":null,"update_date":null,"atum_locations":[],"atum_stock_status":"instock","restock_status":false,"low_stock_amount":"","sales_update_date":null,"calc_backorders":null,"acf":[],"_links":{"self":[{"href":"https:\/\/loja.earthvit.es\/en\/wp-json\/wp\/v2\/product\/36900","targetHints":{"allow":["GET"]}}],"collection":[{"href":"https:\/\/loja.earthvit.es\/en\/wp-json\/wp\/v2\/product"}],"about":[{"href":"https:\/\/loja.earthvit.es\/en\/wp-json\/wp\/v2\/types\/product"}],"replies":[{"embeddable":true,"href":"https:\/\/loja.earthvit.es\/en\/wp-json\/wp\/v2\/comments?post=36900"}],"version-history":[{"count":0,"href":"https:\/\/loja.earthvit.es\/en\/wp-json\/wp\/v2\/product\/36900\/revisions"}],"wp:featuredmedia":[{"embeddable":true,"href":"https:\/\/loja.earthvit.es\/en\/wp-json\/wp\/v2\/media\/36877"}],"wp:attachment":[{"href":"https:\/\/loja.earthvit.es\/en\/wp-json\/wp\/v2\/media?parent=36900"}],"wp:term":[{"taxonomy":"product_cat","embeddable":true,"href":"https:\/\/loja.earthvit.es\/en\/wp-json\/wp\/v2\/product_cat?post=36900"},{"taxonomy":"product_tag","embeddable":true,"href":"https:\/\/loja.earthvit.es\/en\/wp-json\/wp\/v2\/product_tag?post=36900"}],"curies":[{"name":"wp","href":"https:\/\/api.w.org\/{rel}","templated":true}]}}