{"id":37080,"date":"2025-10-14T14:21:59","date_gmt":"2025-10-14T12:21:59","guid":{"rendered":"https:\/\/earthvit.pt\/shop-2\/pre-workout-shot-sabor-a-lima-limao\/"},"modified":"2026-02-06T16:20:38","modified_gmt":"2026-02-06T15:20:38","slug":"pre-workout-shot-sabor-a-lima-limao","status":"publish","type":"product","link":"https:\/\/loja.earthvit.es\/en\/shop-2\/pre-workout-shot-sabor-a-lima-limao\/","title":{"rendered":"Pre-Workout Shot Sabor A Lima-Lim\u00f3n"},"content":{"rendered":"<p>Suplemento alimentario l\u00edquido. Sabor a lima-lim\u00f3n. Contiene cafe\u00edna y edulcorantes<\/p>","protected":false},"excerpt":{"rendered":"<p>Suplemento alimentario l\u00edquido (shot) con sabor a lima-lim\u00f3n, con cafe\u00edna, amino\u00e1cidos, vitaminas y edulcorantes. Contiene cafe\u00edna (175 mg \/ porci\u00f3n). No recomendado para ni\u00f1os o embarazadas.<\/p>","protected":false},"featured_media":36979,"comment_status":"open","ping_status":"closed","template":"","meta":{"_acf_changed":false},"product_cat":[180],"product_tag":[],"class_list":{"0":"post-37080","1":"product","2":"type-product","3":"status-publish","4":"has-post-thumbnail","6":"product_brand-onoptimun","7":"product_cat-pre-entrenamiento-energia","9":"first","10":"instock","11":"taxable","12":"shipping-taxable","13":"purchasable","14":"product-type-simple","15":"col-xs-6 col-sm-4","16":"col-mf-5","17":"un-5-cols"},"supplier_id":null,"supplier_sku":"","barcode":null,"atum_controlled":true,"out_stock_date":null,"out_stock_threshold":null,"inheritable":false,"inbound_stock":null,"stock_on_hold":null,"sold_today":null,"sales_last_days":null,"reserved_stock":null,"customer_returns":null,"warehouse_damage":null,"lost_in_post":null,"other_logs":null,"out_stock_days":null,"lost_sales":null,"has_location":null,"update_date":null,"atum_locations":[],"atum_stock_status":"instock","restock_status":false,"low_stock_amount":"","sales_update_date":null,"calc_backorders":null,"acf":[],"_links":{"self":[{"href":"https:\/\/loja.earthvit.es\/en\/wp-json\/wp\/v2\/product\/37080","targetHints":{"allow":["GET"]}}],"collection":[{"href":"https:\/\/loja.earthvit.es\/en\/wp-json\/wp\/v2\/product"}],"about":[{"href":"https:\/\/loja.earthvit.es\/en\/wp-json\/wp\/v2\/types\/product"}],"replies":[{"embeddable":true,"href":"https:\/\/loja.earthvit.es\/en\/wp-json\/wp\/v2\/comments?post=37080"}],"version-history":[{"count":0,"href":"https:\/\/loja.earthvit.es\/en\/wp-json\/wp\/v2\/product\/37080\/revisions"}],"wp:featuredmedia":[{"embeddable":true,"href":"https:\/\/loja.earthvit.es\/en\/wp-json\/wp\/v2\/media\/36979"}],"wp:attachment":[{"href":"https:\/\/loja.earthvit.es\/en\/wp-json\/wp\/v2\/media?parent=37080"}],"wp:term":[{"taxonomy":"product_cat","embeddable":true,"href":"https:\/\/loja.earthvit.es\/en\/wp-json\/wp\/v2\/product_cat?post=37080"},{"taxonomy":"product_tag","embeddable":true,"href":"https:\/\/loja.earthvit.es\/en\/wp-json\/wp\/v2\/product_tag?post=37080"}],"curies":[{"name":"wp","href":"https:\/\/api.w.org\/{rel}","templated":true}]}}