{"id":43788,"date":"2026-04-25T19:35:30","date_gmt":"2026-04-25T17:35:30","guid":{"rendered":"https:\/\/loja.earthvit.es\/shop-2\/hierba-de-san-juan-100-capsulas\/"},"modified":"2026-04-26T20:38:39","modified_gmt":"2026-04-26T18:38:39","slug":"hierba-de-san-juan-100-capsulas","status":"publish","type":"product","link":"https:\/\/loja.earthvit.es\/en\/shop-2\/hierba-de-san-juan-100-capsulas\/","title":{"rendered":"Hierba de San Juan &#8211; 100 c\u00e1psulas"},"content":{"rendered":"<p><strong>Hierba de San Juan &#8211; 100 c\u00e1psulas<\/strong> de NOW Foods es un complemento alimenticio de alta calidad, fabricado con ingredientes cuidadosamente seleccionados y sometido a rigurosos controles de calidad.<\/p>\n<p><em>Hiperic\u00e3o (erva-de-s\u00e3o-jo\u00e3o)<\/em><\/p>\n<h3>Ingredientes<\/h3>\n<p>Extrato de hiperic\u00e3o ( Hypericum perforatum ) (planta) (0,3% de hipericina), agente de revestimento: hidroxipropilmetilcelulosa, antiaglomerantes: \u00e1cidos gordos, di\u00f3xido de silicio.<\/p>\n<h3>Modo de uso<\/h3>\n<p>Tomar 1 c\u00e1psulas em dias alternados, com uma refei\u00e7\u00e3o. no superar la dosis diaria recomendada.<\/p>\n<h3>Advertencias<\/h3>\n<p>No superar la dosis diaria recomendada. Los complementos alimenticios no deben utilizarse como sustitutos de una dieta variada y equilibrada ni de un estilo de vida saludable. Mantener fuera del alcance de los ni\u00f1os m\u00e1s peque\u00f1os. Conservar en lugar fresco y seco, protegido de la luz. Consulte a su m\u00e9dico o farmac\u00e9utico si est\u00e1 embarazada, en per\u00edodo de lactancia, o si toma medicaci\u00f3n.<\/p>","protected":false},"excerpt":{"rendered":"<p>NOW Foods \u2014 Hierba de San Juan &#8211; 100 c\u00e1psulas. tomar 1 c\u00e1psulas em dias alternados, com uma refei\u00e7\u00e3o. no superar la dosis diaria recomendada.<\/p>","protected":false},"featured_media":43784,"comment_status":"open","ping_status":"closed","template":"","meta":{"_acf_changed":false},"product_cat":[15],"product_tag":[],"class_list":{"0":"post-43788","1":"product","2":"type-product","3":"status-publish","4":"has-post-thumbnail","6":"product_brand-now-foods","7":"product_cat-otros","9":"first","10":"instock","11":"taxable","12":"shipping-taxable","13":"purchasable","14":"product-type-simple","15":"col-xs-6 col-sm-4","16":"col-mf-5","17":"un-5-cols"},"supplier_id":null,"supplier_sku":"","barcode":null,"atum_controlled":false,"out_stock_date":null,"out_stock_threshold":null,"inheritable":false,"inbound_stock":null,"stock_on_hold":0,"sold_today":0,"sales_last_days":0,"reserved_stock":null,"customer_returns":null,"warehouse_damage":null,"lost_in_post":null,"other_logs":null,"out_stock_days":0,"lost_sales":0,"has_location":null,"update_date":"2026-05-01T01:49:07","atum_locations":[],"atum_stock_status":"instock","restock_status":false,"low_stock_amount":"","sales_update_date":"2026-05-01T01:49:07","calc_backorders":null,"acf":[],"_links":{"self":[{"href":"https:\/\/loja.earthvit.es\/en\/wp-json\/wp\/v2\/product\/43788","targetHints":{"allow":["GET"]}}],"collection":[{"href":"https:\/\/loja.earthvit.es\/en\/wp-json\/wp\/v2\/product"}],"about":[{"href":"https:\/\/loja.earthvit.es\/en\/wp-json\/wp\/v2\/types\/product"}],"replies":[{"embeddable":true,"href":"https:\/\/loja.earthvit.es\/en\/wp-json\/wp\/v2\/comments?post=43788"}],"version-history":[{"count":1,"href":"https:\/\/loja.earthvit.es\/en\/wp-json\/wp\/v2\/product\/43788\/revisions"}],"predecessor-version":[{"id":43942,"href":"https:\/\/loja.earthvit.es\/en\/wp-json\/wp\/v2\/product\/43788\/revisions\/43942"}],"wp:featuredmedia":[{"embeddable":true,"href":"https:\/\/loja.earthvit.es\/en\/wp-json\/wp\/v2\/media\/43784"}],"wp:attachment":[{"href":"https:\/\/loja.earthvit.es\/en\/wp-json\/wp\/v2\/media?parent=43788"}],"wp:term":[{"taxonomy":"product_cat","embeddable":true,"href":"https:\/\/loja.earthvit.es\/en\/wp-json\/wp\/v2\/product_cat?post=43788"},{"taxonomy":"product_tag","embeddable":true,"href":"https:\/\/loja.earthvit.es\/en\/wp-json\/wp\/v2\/product_tag?post=43788"}],"curies":[{"name":"wp","href":"https:\/\/api.w.org\/{rel}","templated":true}]}}