{"id":43898,"date":"2026-04-25T19:44:02","date_gmt":"2026-04-25T17:44:02","guid":{"rendered":"https:\/\/loja.earthvit.es\/shop-2\/omega-3-1000mg-100-capsulas\/"},"modified":"2026-04-26T20:40:10","modified_gmt":"2026-04-26T18:40:10","slug":"omega-3-1000mg-100-capsulas","status":"publish","type":"product","link":"https:\/\/loja.earthvit.es\/en\/shop-2\/omega-3-1000mg-100-capsulas\/","title":{"rendered":"Omega-3 1000mg &#8211; 100 c\u00e1psulas"},"content":{"rendered":"<p><strong>Omega-3 1000mg &#8211; 100 c\u00e1psulas<\/strong> de NOW Foods es un complemento alimenticio de alta calidad, fabricado con ingredientes cuidadosamente seleccionados y sometido a rigurosos controles de calidad.<\/p>\n<p><em>Suplemento alimentar, \u00f3mega-3<\/em><\/p>\n<h3>Ingredientes<\/h3>\n<p>\u00d3leo de PEIXE natural concentrado (2000 mg), \u00c1cidos Gordos \u00d3mega-3: \u00c1cido eicosapentaen\u00f3ico (EPA) (360mg) e \u00c1cido Docosahexaen\u00f3ico (DHA) (240mg). Outros ingredientes: c\u00e1psulas softgel (gelatina bovina, glicerina, agua) e D-alfa Tocoferol natural. Informa\u00e7\u00e3o Nutricional: Valor energ\u00e9tico 20 Kcal, L\u00edpidos 2 g (3% VRN), dos quais saturados 0,5 g (3% VRN), Polinsaturados 1 g y Monoinsaturados 0,5 g. *Valor de Referencia do Nutriente baseado numa dieta de 2000 Kcal. Cont\u00e9m PEIXE (Anchova) e D-alfa Toceferol de SOJA .<\/p>\n<h3>Modo de uso<\/h3>\n<p>Tomar 2 softgels, 2 veces al d\u00eda, com as refei\u00e7\u00f5es.<\/p>\n<h3>Advertencias<\/h3>\n<p>No superar la dosis diaria recomendada. Los complementos alimenticios no deben utilizarse como sustitutos de una dieta variada y equilibrada ni de un estilo de vida saludable. Mantener fuera del alcance de los ni\u00f1os m\u00e1s peque\u00f1os. Conservar en lugar fresco y seco, protegido de la luz. Consulte a su m\u00e9dico o farmac\u00e9utico si est\u00e1 embarazada, en per\u00edodo de lactancia, o si toma medicaci\u00f3n.<\/p>","protected":false},"excerpt":{"rendered":"<p>NOW Foods \u2014 Omega-3 1000mg &#8211; 100 c\u00e1psulas. tomar 2 softgels, 2 veces al d\u00eda, com as refei\u00e7\u00f5es.<\/p>","protected":false},"featured_media":43895,"comment_status":"open","ping_status":"closed","template":"","meta":{"_acf_changed":false},"product_cat":[507],"product_tag":[],"class_list":{"0":"post-43898","1":"product","2":"type-product","3":"status-publish","4":"has-post-thumbnail","6":"product_brand-now-foods","7":"product_cat-coracao_circulacao","9":"first","10":"instock","11":"taxable","12":"shipping-taxable","13":"purchasable","14":"product-type-simple","15":"col-xs-6 col-sm-4","16":"col-mf-5","17":"un-5-cols"},"supplier_id":null,"supplier_sku":"","barcode":null,"atum_controlled":false,"out_stock_date":null,"out_stock_threshold":null,"inheritable":false,"inbound_stock":null,"stock_on_hold":0,"sold_today":0,"sales_last_days":0,"reserved_stock":null,"customer_returns":null,"warehouse_damage":null,"lost_in_post":null,"other_logs":null,"out_stock_days":0,"lost_sales":0,"has_location":null,"update_date":"2026-04-27T01:27:00","atum_locations":[],"atum_stock_status":"instock","restock_status":false,"low_stock_amount":"","sales_update_date":"2026-04-27T01:27:00","calc_backorders":null,"acf":[],"_links":{"self":[{"href":"https:\/\/loja.earthvit.es\/en\/wp-json\/wp\/v2\/product\/43898","targetHints":{"allow":["GET"]}}],"collection":[{"href":"https:\/\/loja.earthvit.es\/en\/wp-json\/wp\/v2\/product"}],"about":[{"href":"https:\/\/loja.earthvit.es\/en\/wp-json\/wp\/v2\/types\/product"}],"replies":[{"embeddable":true,"href":"https:\/\/loja.earthvit.es\/en\/wp-json\/wp\/v2\/comments?post=43898"}],"version-history":[{"count":1,"href":"https:\/\/loja.earthvit.es\/en\/wp-json\/wp\/v2\/product\/43898\/revisions"}],"predecessor-version":[{"id":43965,"href":"https:\/\/loja.earthvit.es\/en\/wp-json\/wp\/v2\/product\/43898\/revisions\/43965"}],"wp:featuredmedia":[{"embeddable":true,"href":"https:\/\/loja.earthvit.es\/en\/wp-json\/wp\/v2\/media\/43895"}],"wp:attachment":[{"href":"https:\/\/loja.earthvit.es\/en\/wp-json\/wp\/v2\/media?parent=43898"}],"wp:term":[{"taxonomy":"product_cat","embeddable":true,"href":"https:\/\/loja.earthvit.es\/en\/wp-json\/wp\/v2\/product_cat?post=43898"},{"taxonomy":"product_tag","embeddable":true,"href":"https:\/\/loja.earthvit.es\/en\/wp-json\/wp\/v2\/product_tag?post=43898"}],"curies":[{"name":"wp","href":"https:\/\/api.w.org\/{rel}","templated":true}]}}