{"id":44172,"date":"2026-04-25T21:22:47","date_gmt":"2026-04-25T19:22:47","guid":{"rendered":"https:\/\/loja.earthvit.es\/shop-2\/mezcla-de-enzimas-90-capsulas\/"},"modified":"2026-04-26T20:42:06","modified_gmt":"2026-04-26T18:42:06","slug":"mezcla-de-enzimas-90-capsulas","status":"publish","type":"product","link":"https:\/\/loja.earthvit.es\/en\/shop-2\/mezcla-de-enzimas-90-capsulas\/","title":{"rendered":"Mezcla de Enzimas &#8211; 90 c\u00e1psulas"},"content":{"rendered":"<p><strong>Mezcla de Enzimas &#8211; 90 c\u00e1psulas<\/strong> de NOW Foods es un complemento alimenticio de alta calidad, fabricado con ingredientes cuidadosamente seleccionados y sometido a rigurosos controles de calidad.<\/p>\n<p><em>Mistura de enzimas<\/em><\/p>\n<h3>Ingredientes<\/h3>\n<p>Mistura de enzimas BioCore OptimumTM [Amilase (de Aspergillus oryzae ), Protease (de Aspergillus oryzae ), Protease (de Aspergillus oryzae ), Protease (de Aspergillus oryzae ), Protease (de Aspergillus niger ), Glucoamilase (de Aspergillus niger ), Invertase (de Saccharomyces cerevisiae ), Di\u00e1stase (de Aspergillus oryzae ), Lipase (de Candida rugosa , Aspergillus niger y Rhizopus oryzae )], Alfa-galactosidase (de Aspergillus niger ) (300 GaIU), agente de revestimento: hidroxipropilmetilcelulosa, agente de volumes: celulosa microcristalina, maltodextrina, triglic\u00e9ridos de cadeia m\u00e9dia, antiaglomerante: di\u00f3xido de silicio. composici\u00f3n Por 2 c\u00e1psulas vegetais Mistura de enzimas BioCore Optimum\u2122 200 mg Amilase (de Aspergillus oryzae) 7000 DU Protease (de Aspergillus oryzae) 42000 HUT Protease (de Aspergillus oryzae) 8000 PC Protease (de Aspergillus oryzae) 4 AP Protease (de Aspergillus niger) 100 SAPU Glucoamilase (de Aspergillus niger) 10 AGU Invertase (de Saccharomyces cerevisiae) 800 SU Di\u00e1stase (de Aspergillus oryzae) 3000 DP Lipase (de Candida rugosa, Aspergillus niger e Rhizopus oryzae) 1000 FIP Alfa-galactosidase (de Aspergillus niger) (300GaIU) 30 mg<\/p>\n<h3>Modo de uso<\/h3>\n<p>Tomar 2 c\u00e1psulas vegetais com o antes de cada refei\u00e7\u00e3o. no superar la dosis diaria recomendada.<\/p>\n<h3>Advertencias<\/h3>\n<p>No superar la dosis diaria recomendada. Los complementos alimenticios no deben utilizarse como sustitutos de una dieta variada y equilibrada ni de un estilo de vida saludable. Mantener fuera del alcance de los ni\u00f1os m\u00e1s peque\u00f1os. Conservar en lugar fresco y seco, protegido de la luz. Consulte a su m\u00e9dico o farmac\u00e9utico si est\u00e1 embarazada, en per\u00edodo de lactancia, o si toma medicaci\u00f3n.<\/p>\n","protected":false},"excerpt":{"rendered":"<p>NOW Foods \u2014 Mezcla de Enzimas &#8211; 90 c\u00e1psulas. tomar 2 c\u00e1psulas vegetais com o antes de cada refei\u00e7\u00e3o. no superar la dosis diaria recomendada.<\/p>","protected":false},"featured_media":44165,"comment_status":"open","ping_status":"closed","template":"","meta":{"_acf_changed":false},"product_cat":[247],"product_tag":[],"class_list":{"0":"post-44172","1":"product","2":"type-product","3":"status-publish","4":"has-post-thumbnail","6":"product_brand-now-foods","7":"product_cat-cla","9":"first","10":"instock","11":"taxable","12":"shipping-taxable","13":"purchasable","14":"product-type-simple","15":"col-xs-6 col-sm-4","16":"col-mf-5","17":"un-5-cols"},"supplier_id":null,"supplier_sku":"","barcode":null,"atum_controlled":false,"out_stock_date":null,"out_stock_threshold":null,"inheritable":false,"inbound_stock":null,"stock_on_hold":0,"sold_today":0,"sales_last_days":0,"reserved_stock":null,"customer_returns":null,"warehouse_damage":null,"lost_in_post":null,"other_logs":null,"out_stock_days":0,"lost_sales":0,"has_location":null,"update_date":"2026-04-29T01:47:58","atum_locations":[],"atum_stock_status":"instock","restock_status":false,"low_stock_amount":"","sales_update_date":"2026-04-29T01:47:58","calc_backorders":null,"acf":[],"_links":{"self":[{"href":"https:\/\/loja.earthvit.es\/en\/wp-json\/wp\/v2\/product\/44172","targetHints":{"allow":["GET"]}}],"collection":[{"href":"https:\/\/loja.earthvit.es\/en\/wp-json\/wp\/v2\/product"}],"about":[{"href":"https:\/\/loja.earthvit.es\/en\/wp-json\/wp\/v2\/types\/product"}],"replies":[{"embeddable":true,"href":"https:\/\/loja.earthvit.es\/en\/wp-json\/wp\/v2\/comments?post=44172"}],"version-history":[{"count":0,"href":"https:\/\/loja.earthvit.es\/en\/wp-json\/wp\/v2\/product\/44172\/revisions"}],"wp:featuredmedia":[{"embeddable":true,"href":"https:\/\/loja.earthvit.es\/en\/wp-json\/wp\/v2\/media\/44165"}],"wp:attachment":[{"href":"https:\/\/loja.earthvit.es\/en\/wp-json\/wp\/v2\/media?parent=44172"}],"wp:term":[{"taxonomy":"product_cat","embeddable":true,"href":"https:\/\/loja.earthvit.es\/en\/wp-json\/wp\/v2\/product_cat?post=44172"},{"taxonomy":"product_tag","embeddable":true,"href":"https:\/\/loja.earthvit.es\/en\/wp-json\/wp\/v2\/product_tag?post=44172"}],"curies":[{"name":"wp","href":"https:\/\/api.w.org\/{rel}","templated":true}]}}