{"id":45070,"date":"2026-04-25T22:29:27","date_gmt":"2026-04-25T20:29:27","guid":{"rendered":"https:\/\/loja.earthvit.es\/shop-2\/hierro-18mg-120-capsulas\/"},"modified":"2026-04-25T22:29:27","modified_gmt":"2026-04-25T20:29:27","slug":"hierro-18mg-120-capsulas","status":"publish","type":"product","link":"https:\/\/loja.earthvit.es\/en\/shop-2\/hierro-18mg-120-capsulas\/","title":{"rendered":"Hierro 18mg &#8211; 120 c\u00e1psulas"},"content":{"rendered":"<p><strong>Hierro 18mg &#8211; 120 c\u00e1psulas<\/strong> de NOW Foods es un complemento alimenticio de alta calidad, fabricado con ingredientes cuidadosamente seleccionados y sometido a rigurosos controles de calidad.<\/p>\n<p><em>Ferro 18 mg<\/em><\/p>\n<h3>Ingredientes<\/h3>\n<p>Bisglicinato ferroso (FerrochelTM), agente de volume: farinha de arroz, agente de revestimento: hidroxipropilmetilcelulosa, antiaglomerantes: \u00e1cidos gordos, di\u00f3xido de silicio.<\/p>\n<h3>Modo de uso<\/h3>\n<p>Tomar 1 c\u00e1psulas por d\u00eda com uma refei\u00e7\u00e3o. no superar la dosis diaria recomendada.<\/p>\n<h3>Advertencias<\/h3>\n<p>No superar la dosis diaria recomendada. Los complementos alimenticios no deben utilizarse como sustitutos de una dieta variada y equilibrada ni de un estilo de vida saludable. Mantener fuera del alcance de los ni\u00f1os m\u00e1s peque\u00f1os. Conservar en lugar fresco y seco, protegido de la luz. Consulte a su m\u00e9dico o farmac\u00e9utico si est\u00e1 embarazada, en per\u00edodo de lactancia, o si toma medicaci\u00f3n.<\/p>","protected":false},"excerpt":{"rendered":"<p>NOW Foods \u2014 Hierro 18mg &#8211; 120 c\u00e1psulas. tomar 1 c\u00e1psulas por d\u00eda com uma refei\u00e7\u00e3o. no superar la dosis diaria recomendada.<\/p>","protected":false},"featured_media":45066,"comment_status":"open","ping_status":"closed","template":"","meta":{"_acf_changed":false},"product_cat":[518],"product_tag":[],"class_list":{"0":"post-45070","1":"product","2":"type-product","3":"status-publish","4":"has-post-thumbnail","6":"product_cat-metabolismo","8":"first","9":"instock","10":"taxable","11":"shipping-taxable","12":"purchasable","13":"product-type-simple","14":"col-xs-6 col-sm-4","15":"col-mf-5","16":"un-5-cols"},"supplier_id":null,"supplier_sku":"","barcode":null,"atum_controlled":false,"out_stock_date":null,"out_stock_threshold":null,"inheritable":false,"inbound_stock":null,"stock_on_hold":null,"sold_today":null,"sales_last_days":null,"reserved_stock":null,"customer_returns":null,"warehouse_damage":null,"lost_in_post":null,"other_logs":null,"out_stock_days":null,"lost_sales":null,"has_location":null,"update_date":"2026-04-25T20:29:32","atum_locations":[],"atum_stock_status":"instock","restock_status":false,"low_stock_amount":"","sales_update_date":null,"calc_backorders":null,"acf":[],"_links":{"self":[{"href":"https:\/\/loja.earthvit.es\/en\/wp-json\/wp\/v2\/product\/45070","targetHints":{"allow":["GET"]}}],"collection":[{"href":"https:\/\/loja.earthvit.es\/en\/wp-json\/wp\/v2\/product"}],"about":[{"href":"https:\/\/loja.earthvit.es\/en\/wp-json\/wp\/v2\/types\/product"}],"replies":[{"embeddable":true,"href":"https:\/\/loja.earthvit.es\/en\/wp-json\/wp\/v2\/comments?post=45070"}],"version-history":[{"count":0,"href":"https:\/\/loja.earthvit.es\/en\/wp-json\/wp\/v2\/product\/45070\/revisions"}],"wp:featuredmedia":[{"embeddable":true,"href":"https:\/\/loja.earthvit.es\/en\/wp-json\/wp\/v2\/media\/45066"}],"wp:attachment":[{"href":"https:\/\/loja.earthvit.es\/en\/wp-json\/wp\/v2\/media?parent=45070"}],"wp:term":[{"taxonomy":"product_cat","embeddable":true,"href":"https:\/\/loja.earthvit.es\/en\/wp-json\/wp\/v2\/product_cat?post=45070"},{"taxonomy":"product_tag","embeddable":true,"href":"https:\/\/loja.earthvit.es\/en\/wp-json\/wp\/v2\/product_tag?post=45070"}],"curies":[{"name":"wp","href":"https:\/\/api.w.org\/{rel}","templated":true}]}}