{"id":45105,"date":"2026-04-25T22:32:02","date_gmt":"2026-04-25T20:32:02","guid":{"rendered":"https:\/\/loja.earthvit.es\/shop-2\/olmo-rojo-slippery-elm-100-comprimidos\/"},"modified":"2026-04-26T20:50:36","modified_gmt":"2026-04-26T18:50:36","slug":"olmo-rojo-slippery-elm-100-comprimidos","status":"publish","type":"product","link":"https:\/\/loja.earthvit.es\/en\/shop-2\/olmo-rojo-slippery-elm-100-comprimidos\/","title":{"rendered":"Olmo Rojo (Slippery Elm) &#8211; 100 comprimidos"},"content":{"rendered":"<p><strong>Olmo Rojo (Slippery Elm) &#8211; 100 comprimidos<\/strong> de NOW Foods es un complemento alimenticio de alta calidad, fabricado con ingredientes cuidadosamente seleccionados y sometido a rigurosos controles de calidad.<\/p>\n<p><em>Ulmeiro-vermelho<\/em><\/p>\n<h3>Ingredientes<\/h3>\n<p>Ulmeiro-vermelho ( Ulmus rubra ) (casca), agente de revestimento: hidroxipropilmetilcelulosa, antiaglomerante: \u00e1cidos gordos, agente de volume: celulosa cristalina. composici\u00f3n por 2 c\u00e1psulas vegetais: ulmeiro-vermelho (Ulmus rubra) (casca) 800 mg<\/p>\n<h3>Modo de uso<\/h3>\n<p>Tomar 2 c\u00e1psulas vegetais, 1 a 3 veces al d\u00eda. no superar la dosis diaria recomendada.<\/p>\n<h3>Advertencias<\/h3>\n<p>No superar la dosis diaria recomendada. Los complementos alimenticios no deben utilizarse como sustitutos de una dieta variada y equilibrada ni de un estilo de vida saludable. Mantener fuera del alcance de los ni\u00f1os m\u00e1s peque\u00f1os. Conservar en lugar fresco y seco, protegido de la luz. Consulte a su m\u00e9dico o farmac\u00e9utico si est\u00e1 embarazada, en per\u00edodo de lactancia, o si toma medicaci\u00f3n.<\/p>","protected":false},"excerpt":{"rendered":"<p>NOW Foods \u2014 Olmo Rojo (Slippery Elm) &#8211; 100 comprimidos. tomar 2 c\u00e1psulas vegetais, 1 a 3 veces al d\u00eda. no superar la dosis diaria recomendada.<\/p>","protected":false},"featured_media":45101,"comment_status":"open","ping_status":"closed","template":"","meta":{"_acf_changed":false},"product_cat":[15],"product_tag":[],"class_list":{"0":"post-45105","1":"product","2":"type-product","3":"status-publish","4":"has-post-thumbnail","6":"product_brand-now-foods","7":"product_cat-otros","9":"first","10":"instock","11":"taxable","12":"shipping-taxable","13":"purchasable","14":"product-type-simple","15":"col-xs-6 col-sm-4","16":"col-mf-5","17":"un-5-cols"},"supplier_id":null,"supplier_sku":"","barcode":null,"atum_controlled":false,"out_stock_date":null,"out_stock_threshold":null,"inheritable":false,"inbound_stock":null,"stock_on_hold":0,"sold_today":0,"sales_last_days":0,"reserved_stock":null,"customer_returns":null,"warehouse_damage":null,"lost_in_post":null,"other_logs":null,"out_stock_days":0,"lost_sales":0,"has_location":null,"update_date":"2026-04-29T01:48:13","atum_locations":[],"atum_stock_status":"instock","restock_status":false,"low_stock_amount":"","sales_update_date":"2026-04-29T01:48:13","calc_backorders":null,"acf":[],"_links":{"self":[{"href":"https:\/\/loja.earthvit.es\/en\/wp-json\/wp\/v2\/product\/45105","targetHints":{"allow":["GET"]}}],"collection":[{"href":"https:\/\/loja.earthvit.es\/en\/wp-json\/wp\/v2\/product"}],"about":[{"href":"https:\/\/loja.earthvit.es\/en\/wp-json\/wp\/v2\/types\/product"}],"replies":[{"embeddable":true,"href":"https:\/\/loja.earthvit.es\/en\/wp-json\/wp\/v2\/comments?post=45105"}],"version-history":[{"count":0,"href":"https:\/\/loja.earthvit.es\/en\/wp-json\/wp\/v2\/product\/45105\/revisions"}],"wp:featuredmedia":[{"embeddable":true,"href":"https:\/\/loja.earthvit.es\/en\/wp-json\/wp\/v2\/media\/45101"}],"wp:attachment":[{"href":"https:\/\/loja.earthvit.es\/en\/wp-json\/wp\/v2\/media?parent=45105"}],"wp:term":[{"taxonomy":"product_cat","embeddable":true,"href":"https:\/\/loja.earthvit.es\/en\/wp-json\/wp\/v2\/product_cat?post=45105"},{"taxonomy":"product_tag","embeddable":true,"href":"https:\/\/loja.earthvit.es\/en\/wp-json\/wp\/v2\/product_tag?post=45105"}],"curies":[{"name":"wp","href":"https:\/\/api.w.org\/{rel}","templated":true}]}}