{"id":45763,"date":"2026-04-26T03:08:56","date_gmt":"2026-04-26T01:08:56","guid":{"rendered":"https:\/\/loja.earthvit.es\/shop-2\/calcio-magnesio-2-1-100-comprimidos\/"},"modified":"2026-04-26T20:59:55","modified_gmt":"2026-04-26T18:59:55","slug":"calcio-magnesio-2-1-100-comprimidos","status":"publish","type":"product","link":"https:\/\/loja.earthvit.es\/en\/shop-2\/calcio-magnesio-2-1-100-comprimidos\/","title":{"rendered":"Calcio + Magnesio 2:1 &#8211; 100 comprimidos"},"content":{"rendered":"<p><strong>Calcio + Magnesio 2:1 &#8211; 100 comprimidos<\/strong> de NOW Foods es un complemento alimenticio de alta calidad, fabricado con ingredientes cuidadosamente seleccionados y sometido a rigurosos controles de calidad.<\/p>\n<p><em>C\u00e1lcio e magn\u00e9sio<\/em><\/p>\n<h3>Ingredientes<\/h3>\n<p>Calcio (carbonato de calcio, sais de calcio do \u00e1cido c\u00edtrico y L-ascorbato de calcio), magnesio (\u00f3xido de magnesio, sais de magnesio do \u00e1cido c\u00edtrico y L-ascorbato de magnesio), agente de volume: celulosa microcristalina, agente de revestimento: hidroxipropilmetilcelulosa, colorante: carbonato de calcio, humidificantes: polidextrose, glicerol, triglic\u00e9ridos de cadeia m\u00e9dia, antiaglomerante: \u00e1cidos gordos, espesante: carboximetilcelulose de s\u00f3dio reticulada, antiaglomerantes sais de magnesio de \u00e1cidos gordos, agente de revestimento: hidroxipropilcelulosa, antiaglomerante: di\u00f3xido de silicio. composici\u00f3n por 1 comprimidos: calcio (carbonato de calcio, sais de calcio do \u00e1cido c\u00edtrico y L-ascorbato de calcio) 500 mg (63% VRN) magnesio \u00f3xido de magnesio, sais de magnesio do \u00e1cido c\u00edtrico y L-ascorbato de magnesio) 250 mg (67%VRN) *Valor de Referencia do Nutriente<\/p>\n<h3>Modo de uso<\/h3>\n<p>tomar 1 comprimidos por d\u00eda, ou segundo prescripci\u00f3n m\u00e9dica o de su profesional de la salud. no superar la dosis diaria recomendada. \u00a4de acuerdo con las recomendaciones en vigor en la UE<\/p>\n<h3>Advertencias<\/h3>\n<p>No superar la dosis diaria recomendada. Los complementos alimenticios no deben utilizarse como sustitutos de una dieta variada y equilibrada ni de un estilo de vida saludable. Mantener fuera del alcance de los ni\u00f1os m\u00e1s peque\u00f1os. Conservar en lugar fresco y seco, protegido de la luz. Consulte a su m\u00e9dico o farmac\u00e9utico si est\u00e1 embarazada, en per\u00edodo de lactancia, o si toma medicaci\u00f3n.<\/p>","protected":false},"excerpt":{"rendered":"<p>Calcio y magnesio 2:1<\/p>","protected":false},"featured_media":45759,"comment_status":"open","ping_status":"closed","template":"","meta":{"_acf_changed":false},"product_cat":[518],"product_tag":[],"class_list":{"0":"post-45763","1":"product","2":"type-product","3":"status-publish","4":"has-post-thumbnail","6":"product_brand-now-foods","7":"product_cat-metabolismo","9":"first","10":"instock","11":"taxable","12":"shipping-taxable","13":"purchasable","14":"product-type-simple","15":"col-xs-6 col-sm-4","16":"col-mf-5","17":"un-5-cols"},"supplier_id":null,"supplier_sku":"","barcode":null,"atum_controlled":false,"out_stock_date":null,"out_stock_threshold":null,"inheritable":false,"inbound_stock":null,"stock_on_hold":0,"sold_today":0,"sales_last_days":0,"reserved_stock":null,"customer_returns":null,"warehouse_damage":null,"lost_in_post":null,"other_logs":null,"out_stock_days":0,"lost_sales":0,"has_location":null,"update_date":"2026-04-29T01:48:27","atum_locations":[],"atum_stock_status":"instock","restock_status":false,"low_stock_amount":"","sales_update_date":"2026-04-29T01:48:27","calc_backorders":null,"acf":[],"_links":{"self":[{"href":"https:\/\/loja.earthvit.es\/en\/wp-json\/wp\/v2\/product\/45763","targetHints":{"allow":["GET"]}}],"collection":[{"href":"https:\/\/loja.earthvit.es\/en\/wp-json\/wp\/v2\/product"}],"about":[{"href":"https:\/\/loja.earthvit.es\/en\/wp-json\/wp\/v2\/types\/product"}],"replies":[{"embeddable":true,"href":"https:\/\/loja.earthvit.es\/en\/wp-json\/wp\/v2\/comments?post=45763"}],"version-history":[{"count":1,"href":"https:\/\/loja.earthvit.es\/en\/wp-json\/wp\/v2\/product\/45763\/revisions"}],"predecessor-version":[{"id":45781,"href":"https:\/\/loja.earthvit.es\/en\/wp-json\/wp\/v2\/product\/45763\/revisions\/45781"}],"wp:featuredmedia":[{"embeddable":true,"href":"https:\/\/loja.earthvit.es\/en\/wp-json\/wp\/v2\/media\/45759"}],"wp:attachment":[{"href":"https:\/\/loja.earthvit.es\/en\/wp-json\/wp\/v2\/media?parent=45763"}],"wp:term":[{"taxonomy":"product_cat","embeddable":true,"href":"https:\/\/loja.earthvit.es\/en\/wp-json\/wp\/v2\/product_cat?post=45763"},{"taxonomy":"product_tag","embeddable":true,"href":"https:\/\/loja.earthvit.es\/en\/wp-json\/wp\/v2\/product_tag?post=45763"}],"curies":[{"name":"wp","href":"https:\/\/api.w.org\/{rel}","templated":true}]}}